{"id":5440,"date":"2019-04-02T14:13:29","date_gmt":"2019-04-02T20:13:29","guid":{"rendered":"http:\/\/localhost\/?post_type=product&#038;p=5440"},"modified":"2021-08-26T17:17:59","modified_gmt":"2021-08-26T17:17:59","slug":"voyager-1250g-escaner-honeywell","status":"publish","type":"product","link":"https:\/\/basculasint.com\/en\/producto\/voyager-1250g-escaner-honeywell\/","title":{"rendered":"Voyager 1250g Esc\u00e1ner, Honeywell"},"content":{"rendered":"","protected":false},"excerpt":{"rendered":"<div class=\"well score-component score-content score-well h-col-sm-6 h-col-md-4\">\n<div class=\"score-component score-content score-content-spot\">\n<p>Extienda su rango de escaneo de una sola l\u00ednea con el esc\u00e1ner l\u00e1ser de c\u00f3digo de barras Voyager\u2122 1250g. Lee c\u00f3digos de barras lineales de manera agresiva hasta 58,4 cm (23 in) de distancia, lo que hace que el trabajo sea m\u00e1s c\u00f3modo y productivo para su equipo. Adem\u00e1s, el esc\u00e1ner cambia r\u00e1pido al escaneo de manos libres, con el soporte incluido.<\/p>\n<p>El Esc\u00e1ner l\u00e1ser linear Voyager 1250g combina el comprobado rendimiento de la serie Voyager\u2019 con la profundidad de campo ampliada para que escanear elementos que est\u00e1n fuera del alcance no suponga ninguna dificultad.<\/p>\n<p>La capacidad de escanear c\u00f3digos de barras hasta a 58,4 cm (23 en) de distancia facilitar\u00e1 el trabajo para sus trabajadores \u2013 por ejemplo, cuando los cajeros van a escanear elementos voluminosos dejados en los carritos de compras y los esc\u00e1neres de inventario, escanean productos almacenados que se encuentran en las estanter\u00edas elevadas.<\/p>\n<\/div>\n<\/div>\n<div class=\"well score-component score-content score-well h-col-sm-6 h-col-md-4\">\n<div class=\"score-component score-content score-content-spot\">\n<p>El esc\u00e1ner 1250g es f\u00e1cil de usar y eficaz, para que su equipo pueda ser mejor. Es\u2019t\u00e1 optimizado para escanear c\u00f3digos de barras lineales r\u00e1pido \u2013 incluso c\u00f3digos deteriorados y mal impresos. Eso\u2019es importante porque minimiza la necesidad de la entrada manual de datos. Adem\u00e1s, eso aumenta la productividad y da lugar a menos errores.<\/p>\n<p>Hablando de productividad, el soporte del esc\u00e1ner 1250g\u2019 le permite aprovechar las ventajas del escaneo de manos libres, para aquellas aplicaciones que se benefician de poder usar las dos manos.<\/p>\n<\/div>\n<\/div>\n","protected":false},"featured_media":8598,"template":"","meta":[],"class_list":["post-5440","product","type-product","status-publish","has-post-thumbnail","hentry","product_cat-escaner","product_cat-escaneres-para-uso-general"],"_links":{"self":[{"href":"https:\/\/basculasint.com\/en\/wp-json\/wp\/v2\/product\/5440\/"}],"collection":[{"href":"https:\/\/basculasint.com\/en\/wp-json\/wp\/v2\/product\/"}],"about":[{"href":"https:\/\/basculasint.com\/en\/wp-json\/wp\/v2\/types\/product\/"}],"wp:featuredmedia":[{"embeddable":true,"href":"https:\/\/basculasint.com\/en\/wp-json\/wp\/v2\/media\/8598\/"}],"wp:attachment":[{"href":"https:\/\/basculasint.com\/en\/wp-json\/wp\/v2\/media\/?parent=5440"}],"curies":[{"name":"wp","href":"https:\/\/api.w.org\/{rel}","templated":true}]}}