{"id":5444,"date":"2019-04-02T14:35:40","date_gmt":"2019-04-02T20:35:40","guid":{"rendered":"http:\/\/localhost\/?post_type=product&#038;p=5444"},"modified":"2021-08-26T17:29:20","modified_gmt":"2021-08-26T17:29:20","slug":"xenon-1900g-y-1902g-escaner-honeywell","status":"publish","type":"product","link":"https:\/\/basculasint.com\/en\/producto\/xenon-1900g-y-1902g-escaner-honeywell\/","title":{"rendered":"Xenon 1900g y 1902g Esc\u00e1ner, Honeywell"},"content":{"rendered":"","protected":false},"excerpt":{"rendered":"<p class=\"lead score-component score-content score-lead h-lead h-lead--introduction-copy\">La serie Xenon\u2122 1900, con la sexta generaci\u00f3n de tecnolog\u00eda generador de im\u00e1genes Adaptus\u2122 ha redefinido el est\u00e1ndar para los esc\u00e1neres de mano. Con su sensor personalizado optimizado para el escaneo de c\u00f3digos de barras din\u00e1mico, la serie Xenon ofrece un desempe\u00f1o l\u00edder en la industria y confiabilidad para una amplia variedad de aplicaciones de captura de datos.<\/p>\n<div class=\"well score-component score-content score-well h-col-sm-6 h-col-md-4\">\n<div class=\"score-component score-content score-content-spot\">\n<p>La serie Xenon 1900 ofrece el desempe\u00f1o y la confiabilidad l\u00edderes en la industria para impulsar el rendimiento del flujo de trabajo para una amplia gama de aplicaciones que requieren la versatilidad de la tecnolog\u00eda de escaneo de im\u00e1genes por \u00e1rea.<\/p>\n<p>Con la tecnolog\u00eda de escaneo de im\u00e1genes Adaptus 6.0, los esc\u00e1ner Xenon proporcionan un escaneo de c\u00f3digo de barras y una captura digital de im\u00e1genes de nivel superior. Ofrecen una nueva y revolucionaria arquitectura de decodificaci\u00f3n y sensor personalizado que mejora estas caracter\u00edsticas de productividad:<\/p>\n<ul>\n<li>Profundidad de campo ampliada<\/li>\n<li>Escaneo de c\u00f3digo de barras m\u00e1s r\u00e1pido<\/li>\n<li>Mayor rendimiento de escaneo en c\u00f3digos de barras de mala calidad<\/li>\n<\/ul>\n<\/div>\n<\/div>\n<div class=\"well score-component score-content score-well h-col-sm-6 h-col-md-4\">\n<div class=\"score-component score-content score-content-spot\">\n<p>Desde los c\u00f3digos de barras lineales de alta densidad hasta los c\u00f3digos de barras 2D escaneados directamente desde la pantalla de un dispositivo m\u00f3\u2019vil, la serie Xenon decodifica con facilidad pr\u00e1cticamente todos los c\u00f3digos de barras. Elija una de las siguientes versiones para adaptarse a sus necesidades:<\/p>\n<ul>\n<li>Esc\u00e1ner Xenon 1900g para un cableado de conexi\u00f3n en serie o USB.<\/li>\n<li>El esc\u00e1ner Xenon 1902g con radio Bluetooth\u00ae Clase 2 (versi\u00f3n 2.1) para toda clase de movimientos hasta 10 m (33 pies) desde la base y hasta 14 horas de vida \u00fatil de la bater\u00eda.<\/li>\n<li>Esc\u00e1ner de color Xenon 1900g para una conexi\u00f3n cableada adem\u00e1s de la capacidad para escanear c\u00f3digos de barras en color de alto contraste, tales como los c\u00f3digos de barras rojo sobre fondo blanco. Esta versi\u00f3n tambi\u00e9n elimina la necesidad de utilizar una c\u00e1mara digital independiente y un soporte de almacenamiento externo para la captura y transferir im\u00e1genes a color, lo que permite agilizar flujos de trabajo y mejorar la productividad.<\/li>\n<li>Tambi\u00e9n est\u00e1n disponibles las versiones de atenci\u00f3n m\u00e9dica:\u00a0<a href=\"https:\/\/www.honeywellaidc.com\/es-MX\/products\/barcode-scanners\/healthcare\/enhanced-xenon-1900h-1902h\">Xenon 1900h<\/a>\u00a0y\u00a0<a href=\"https:\/\/www.honeywellaidc.com\/es-MX\/products\/barcode-scanners\/healthcare\/enhanced-xenon-1900h-1902h\">Enhanced Xenon 1902h<\/a>.<\/li>\n<\/ul>\n<\/div>\n<\/div>\n","protected":false},"featured_media":8606,"template":"","meta":[],"class_list":["post-5444","product","type-product","status-publish","has-post-thumbnail","hentry","product_cat-escaner","product_cat-escaneres-portatiles"],"_links":{"self":[{"href":"https:\/\/basculasint.com\/en\/wp-json\/wp\/v2\/product\/5444\/"}],"collection":[{"href":"https:\/\/basculasint.com\/en\/wp-json\/wp\/v2\/product\/"}],"about":[{"href":"https:\/\/basculasint.com\/en\/wp-json\/wp\/v2\/types\/product\/"}],"wp:featuredmedia":[{"embeddable":true,"href":"https:\/\/basculasint.com\/en\/wp-json\/wp\/v2\/media\/8606\/"}],"wp:attachment":[{"href":"https:\/\/basculasint.com\/en\/wp-json\/wp\/v2\/media\/?parent=5444"}],"curies":[{"name":"wp","href":"https:\/\/api.w.org\/{rel}","templated":true}]}}