{"id":5450,"date":"2019-04-02T14:46:12","date_gmt":"2019-04-02T20:46:12","guid":{"rendered":"http:\/\/localhost\/?post_type=product&#038;p=5450"},"modified":"2021-08-05T20:03:58","modified_gmt":"2021-08-05T20:03:58","slug":"7190g-orbit-escaner-honeywell","status":"publish","type":"product","link":"https:\/\/basculasint.com\/en\/producto\/7190g-orbit-escaner-honeywell\/","title":{"rendered":"7190g Orbit Esc\u00e1ner, Honeywell"},"content":{"rendered":"","protected":false},"excerpt":{"rendered":"<p class=\"lead score-component score-content score-lead h-lead h-lead--introduction-copy\">El esc\u00e1ner Orbit 7190g contin\u00faa con el comprobado rendimiento de escaneo superior l\u00e1ser 1D de los esc\u00e1neres de la serie Orbit, pero a\u00f1ade un esc\u00e1ner de imagen de \u00e1rea para escaneo digital transparente de c\u00f3digos digitales 1D, 2D &amp; PDF en un solo y pr\u00e1ctico dispositivo. Para acelerar los pagos en los comercios minoristas, el esc\u00e1ner Orbit 7190g incorpora un dise\u00f1o de modo doble \u00fanico que est\u00e1 optimizado para el cajero y el cliente, lo que permite el escaneo transparente de c\u00f3digos de barras del producto y el escaneo de c\u00f3digos digitales en los tel\u00e9fonos inteligentes de los clientes.<\/p>\n","protected":false},"featured_media":8494,"template":"","meta":[],"class_list":["post-5450","product","type-product","status-publish","has-post-thumbnail","hentry","product_cat-escaner","product_cat-escaneres-manos-libres"],"_links":{"self":[{"href":"https:\/\/basculasint.com\/en\/wp-json\/wp\/v2\/product\/5450\/"}],"collection":[{"href":"https:\/\/basculasint.com\/en\/wp-json\/wp\/v2\/product\/"}],"about":[{"href":"https:\/\/basculasint.com\/en\/wp-json\/wp\/v2\/types\/product\/"}],"wp:featuredmedia":[{"embeddable":true,"href":"https:\/\/basculasint.com\/en\/wp-json\/wp\/v2\/media\/8494\/"}],"wp:attachment":[{"href":"https:\/\/basculasint.com\/en\/wp-json\/wp\/v2\/media\/?parent=5450"}],"curies":[{"name":"wp","href":"https:\/\/api.w.org\/{rel}","templated":true}]}}