{"id":5454,"date":"2019-04-02T15:18:25","date_gmt":"2019-04-02T21:18:25","guid":{"rendered":"http:\/\/localhost\/?post_type=product&#038;p=5454"},"modified":"2021-08-26T16:58:38","modified_gmt":"2021-08-26T16:58:38","slug":"xenon-1900h-y-1902h-escaner-honeywell","status":"publish","type":"product","link":"https:\/\/basculasint.com\/en\/producto\/xenon-1900h-y-1902h-escaner-honeywell\/","title":{"rendered":"Xenon 1900h y 1902h Esc\u00e1ner, Honeywell"},"content":{"rendered":"","protected":false},"excerpt":{"rendered":"<p class=\"lead score-component score-content score-lead h-lead h-lead--introduction-copy\">Las mejores organizaciones de salud que deseen mejorar la identificaci\u00f3n positiva de pacientes y los flujos de trabajo de administraci\u00f3n de medicamentos tienen una vasta preferencia por los esc\u00e1neres de atenci\u00f3n m\u00e9dica Xenon\u2122. Ahora, los esc\u00e1neres de atenci\u00f3n m\u00e9dica de nueva generaci\u00f3n Enhanced Xenon\u2122 agrega varias funcionalidades que las cl\u00ednicas solicitaron espec\u00edficamente con el fin de mejorar todav\u00eda m\u00e1s la comodidad de los pacientes y los flujos de trabajo comunes de tales servicios.<\/p>\n<p>Pedir comentarios a los clientes de Honeywell como usted acerca de c\u00f3mo nuestros productos funcionan es clave para nuestros continuos esfuerzos para superar las expectativas. Y as\u00ed es como naci\u00f3 el esc\u00e1ner generador de imagen inal\u00e1mbrico de salud Enhanced Xenon.<\/p>\n<p>Gracias al \u00e9xito de los esc\u00e1neres para aplicaciones de salud Xenon anteriores, la pr\u00f3xima generaci\u00f3n de esc\u00e1neres para aplicaciones de salud Enhanced Xenon a\u00f1aden funciones espec\u00edficamente solicitadas por los m\u00e9dicos, para mejorar a\u00fan m\u00e1s la comodidad del paciente y los flujos de trabajo cl\u00ednicos habituales, incluidos:<br \/>\nLa tecnolog\u00eda de im\u00e1genes por \u00e1rea de sexta generaci\u00f3n Adaptus\u2122 de Honeywell ofrece una escaneo incre\u00edblemente sensible a pr\u00e1cticamente todos los c\u00f3digos de barras 1D, PDF, y 2D \u2013 incluso dif\u00edciles de alta densidad, de bajo contraste, transl\u00facidos o c\u00f3digos deteriorados.<br \/>\nLa tecnolog\u00eda ColorFusion\u2122 agrega im\u00e1genes generadas a color, lo que permite que el esc\u00e1ner lea c\u00f3digos de barra a color, que se est\u00e1n volviendo m\u00e1s comunes en ambientes de servicios de atenci\u00f3n de la salud.<br \/>\nPara mejorar el confort del paciente a la vez que se mantiene la productividad cl\u00ednica:<br \/>\nCambie r\u00e1pidamente al modo No molestar al paciente. En este modo, se desactiva la retroalimentaci\u00f3n de audio y se reemplaza con opciones adicionales de despliegue visual que proveen indicaciones positivas al personal medico.<br \/>\nActivar el modo Scan Lamp \u00fanico con el toque de un bot\u00f3n. Con el esc\u00e1ner montado sobre una estaci\u00f3n de trabajo con ruedas, el Scan Lamp permite escanear las etiquetas, verificar la medicaci\u00f3n e introducir datos \u2013 sin tener que encender la luz del ambiente y molestar a los pacientes que descansan.<\/p>\n","protected":false},"featured_media":8590,"template":"","meta":[],"class_list":["post-5454","product","type-product","status-publish","has-post-thumbnail","hentry","product_cat-escaner","product_cat-escaneres-para-cuidado-de-la-salud"],"_links":{"self":[{"href":"https:\/\/basculasint.com\/en\/wp-json\/wp\/v2\/product\/5454\/"}],"collection":[{"href":"https:\/\/basculasint.com\/en\/wp-json\/wp\/v2\/product\/"}],"about":[{"href":"https:\/\/basculasint.com\/en\/wp-json\/wp\/v2\/types\/product\/"}],"wp:featuredmedia":[{"embeddable":true,"href":"https:\/\/basculasint.com\/en\/wp-json\/wp\/v2\/media\/8590\/"}],"wp:attachment":[{"href":"https:\/\/basculasint.com\/en\/wp-json\/wp\/v2\/media\/?parent=5454"}],"curies":[{"name":"wp","href":"https:\/\/api.w.org\/{rel}","templated":true}]}}