{"id":5456,"date":"2019-04-02T15:21:55","date_gmt":"2019-04-02T21:21:55","guid":{"rendered":"http:\/\/localhost\/?post_type=product&#038;p=5456"},"modified":"2021-08-26T16:57:20","modified_gmt":"2021-08-26T16:57:20","slug":"lector-para-cuidado-de-la-salud-sg20-honeywell","status":"publish","type":"product","link":"https:\/\/basculasint.com\/en\/producto\/lector-para-cuidado-de-la-salud-sg20-honeywell\/","title":{"rendered":"Lector para cuidado de la salud SG20, Honeywell"},"content":{"rendered":"","protected":false},"excerpt":{"rendered":"<p class=\"lead score-component score-content score-lead h-lead h-lead--introduction-copy\">Los procesos de verificaci\u00f3n de los hospitales, de vital importancia, no tienen por qu\u00e9 afectar a la productividad. Minimice el tiempo y esfuerzo para escanear c\u00f3digos de barras con un r\u00e1pido esc\u00e1ner de c\u00f3digos de barras SG20 de la salud. El SG20, de dise\u00f1o ergon\u00f3mico y concebido para el uso en hospitales, tiene una carcasa que soporta la limpieza con desinfectantes.<\/p>\n<div class=\"well score-component score-content score-well h-col-sm-6 h-col-md-4\">\n<div class=\"score-component score-content score-content-spot\">\n<p>La serie SG20 es una gama de esc\u00e1neres port\u00e1tiles con precios asequibles y de gran rendimiento, disponibles en modelos con o sin cable. Est\u00e1 dise\u00f1ada para marcar la diferencia en el hospital y ayudar a garantizar que sus m\u00e9dicos cumplan con los est\u00e1ndares de seguridad del paciente.<\/p>\n<p>El esc\u00e1ner SG20 incluye la tecnolog\u00eda de r\u00e1pido escaneo de c\u00f3digos de barras 2D omnidireccional y m\u00e1s tolerancia al movimiento que los dispositivos de la competencia. Esto asegura que puede escanear todos los c\u00f3digos de barras 1D y 2D habituales de manera sencilla y, en cualquier orientaci\u00f3n, y sin tener que volver a colocar objetos o molestar a los pacientes que descansan.<\/p>\n<\/div>\n<\/div>\n<div class=\"well score-component score-content score-well h-col-sm-6 h-col-md-4\">\n<div class=\"score-component score-content score-content-spot\">\n<p>Comprendemos que un enfoque de \u201ctalla \u00fanica\u201d de usuario puede limitar la eficiencia y la precisi\u00f3n. Por lo tanto, la gama SG20 incluye la opci\u00f3n de esc\u00e1ner Bluetooth\u00ae con cable o inal\u00e1mbrico, y elegir entre motores de escaneo de alto rendimiento con puntero l\u00e1ser o LED\u2014perfecto para las aplicaciones directas con el paciente.<\/p>\n<p>Esta flexibilidad le permite usar la misma gama de esc\u00e1neres en todo su entorno de salud, usando el modelo correcto para sus necesidades exactas.<\/p>\n<\/div>\n<\/div>\n","protected":false},"featured_media":8588,"template":"","meta":[],"class_list":["post-5456","product","type-product","status-publish","has-post-thumbnail","hentry","product_cat-escaner","product_cat-escaneres-para-cuidado-de-la-salud"],"_links":{"self":[{"href":"https:\/\/basculasint.com\/en\/wp-json\/wp\/v2\/product\/5456\/"}],"collection":[{"href":"https:\/\/basculasint.com\/en\/wp-json\/wp\/v2\/product\/"}],"about":[{"href":"https:\/\/basculasint.com\/en\/wp-json\/wp\/v2\/types\/product\/"}],"wp:featuredmedia":[{"embeddable":true,"href":"https:\/\/basculasint.com\/en\/wp-json\/wp\/v2\/media\/8588\/"}],"wp:attachment":[{"href":"https:\/\/basculasint.com\/en\/wp-json\/wp\/v2\/media\/?parent=5456"}],"curies":[{"name":"wp","href":"https:\/\/api.w.org\/{rel}","templated":true}]}}