{"id":5459,"date":"2019-04-02T15:29:17","date_gmt":"2019-04-02T21:29:17","guid":{"rendered":"http:\/\/localhost\/?post_type=product&#038;p=5459"},"modified":"2021-08-26T17:13:51","modified_gmt":"2021-08-26T17:13:51","slug":"escanerbascula-para-mostrador-stratos-2700-honeywell","status":"publish","type":"product","link":"https:\/\/basculasint.com\/en\/producto\/escanerbascula-para-mostrador-stratos-2700-honeywell\/","title":{"rendered":"Esc\u00e1ner\/b\u00e1scula para mostrador Stratos 2700, Honeywell"},"content":{"rendered":"","protected":false},"excerpt":{"rendered":"<p>La soluci\u00f3n h\u00edbrida Stratos\u2122 2700 es ideal para l\u00edneas de caja de comercios tradicionales y los sistemas de autopago. Ofrece una escaneo de pasada r\u00e1pida de c\u00f3digos de barras lineales y ayuda a su negocio a mantenerse actualizado con las tendencias de c\u00f3digos de barras 2D y de tel\u00e9fonos port\u00e1tiles.<\/p>\n<p>El esc\u00e1ner en mostrador bi\u00f3ptico h\u00edbrido Stratos 2700 es un ajuste perfecto para minoristas que buscan aumentar la rentabilidad y hacer crecer su volumen de negocio.<\/p>\n<p>Se combina el escaneado l\u00e1ser omnidireccional y el escaneo de imagen de \u00e1rea integrados para una plataforma de escaneo de c\u00f3digos de barras que\u2019es optimizada para la experiencia de caja. Equipado con m\u00f3dulos de hardware actualizables in situ como las escalas y antenas EAS, hemos dise\u00f1ado la plataforma Stratos 2700 con sus necesidades actuales y futuras en mente.<\/p>\n<p>Adem\u00e1s, la pantalla LCD de Honeywell proporciona a los agentes de ventas un video en directo de la actividad en el pasillo y les permite ver los art\u00edculos en el carrito de un cliente para estar seguro que los productos se escanean. Esta funci\u00f3n reduce la complejidad, el costo y los riesgos asociados con la implementaci\u00f3n de sistemas de prevenci\u00f3n de p\u00e9rdida visual, mientras contin\u00faa resolviendo un problema fundamental que es com\u00fan de los minoristas.<\/p>\n<p>El Stratos 2700 tambi\u00e9n es f\u00e1cil de darle mantenimiento. Emplea una arquitectura de \u201cherramienta \u00fanica\u201d que minimiza el tiempo y el equipo necesarios para su reparaci\u00f3n. Tambi\u00e9n hemos hecho que la soluci\u00f3n de problemas del dispositivo sea m\u00e1s f\u00e1cil con mensajes de texto completos de diagn\u00f3stico en la pantalla LCD. La pantalla puede mostrar varios mensajes y actualizaciones de estado en varios idiomas.<\/p>\n","protected":false},"featured_media":8594,"template":"","meta":[],"class_list":["post-5459","product","type-product","status-publish","has-post-thumbnail","hentry","product_cat-escaner","product_cat-escaneres-para-mostrador"],"_links":{"self":[{"href":"https:\/\/basculasint.com\/en\/wp-json\/wp\/v2\/product\/5459\/"}],"collection":[{"href":"https:\/\/basculasint.com\/en\/wp-json\/wp\/v2\/product\/"}],"about":[{"href":"https:\/\/basculasint.com\/en\/wp-json\/wp\/v2\/types\/product\/"}],"wp:featuredmedia":[{"embeddable":true,"href":"https:\/\/basculasint.com\/en\/wp-json\/wp\/v2\/media\/8594\/"}],"wp:attachment":[{"href":"https:\/\/basculasint.com\/en\/wp-json\/wp\/v2\/media\/?parent=5459"}],"curies":[{"name":"wp","href":"https:\/\/api.w.org\/{rel}","templated":true}]}}