{"id":5461,"date":"2019-04-02T15:33:52","date_gmt":"2019-04-02T21:33:52","guid":{"rendered":"http:\/\/localhost\/?post_type=product&#038;p=5461"},"modified":"2021-08-26T17:13:03","modified_gmt":"2021-08-26T17:13:03","slug":"escaner-bascula-para-mostrador-stratos-2400-honeywell","status":"publish","type":"product","link":"https:\/\/basculasint.com\/en\/producto\/escaner-bascula-para-mostrador-stratos-2400-honeywell\/","title":{"rendered":"Esc\u00e1ner\/b\u00e1scula para mostrador Stratos 2400, Honeywell"},"content":{"rendered":"","protected":false},"excerpt":{"rendered":"<p>Midiendo solo 130 mm (5,1 in) por encima el mostrador, la serie Stratos\u2122 2400 es para los minoristas cuyos asociados se sientan mientras trabajan. Cada modelo ofrece escaneado bi\u00f3ptico de 360 grados de cinco lados que aumenta la productividad en entornos exigentes, donde los entornos de alto volumen de baja calidad y c\u00f3digos de barras de alta densidad son la norma.<\/p>\n<div class=\"well score-component score-content score-well h-col-sm-6 h-col-md-4\">\n<div class=\"score-component score-content score-content-spot\">\n<p>Si su personal en las cajas est\u00e1 normalmente sentado durante su jornada de trabajo, entonces la altura vertical de su soluci\u00f3n de escaneo de c\u00f3digos de barras es especialmente importante. Demasiado alto y se puede bloquear la vista del caje\u2019ro y la capacidad para interactuar con los clientes.<\/p>\n<p>Es po\u2019r eso que hemos dise\u00f1ado la serie Stratos 2400. Cada modelo de la serie mide simplemente 130 mm (5,1 en) por encima del mostrador, de modo que los cajeros pueden disfrutar de una clara l\u00ednea de visi\u00f3n.<\/p>\n<p>Tambi\u00e9n hemos dise\u00f1ado una serie de alto rendimiento, flexibilidad, y el m\u00e1ximo retorno de su inversi\u00f3n.<\/p>\n<\/div>\n<\/div>\n<div class=\"well score-component score-content score-well h-col-sm-6 h-col-md-4\">\n<div class=\"score-component score-content score-content-spot\">\n<ul>\n<li>El escaneado de 360 grados con cinco lados aumenta la productividad en el escaneo de c\u00f3digo de barras de alto volumen.<\/li>\n<li>\u00danico dispositivo bi\u00f3ptico que ofrece m\u00f3dulos de escaneo \u00f3ptico prealineados y planos de escaneo independientes que maximizan el tiempo de actividad y mantienen la productividad.<\/li>\n<li>El escaneo din\u00e1mico de c\u00f3digos de barras en alta densidad y de mala calidad minimiza la necesidad de digitar manual.<\/li>\n<li>Tambi\u00e9n es excelente para escanear c\u00f3digos GS1 DataBar\u2122, lo que garantiza el cumplimiento con las iniciativas sunrise.<\/li>\n<li>La barra de peso abatible (opciones sola o de tres lados) permite a sus cajeros pesar con precisi\u00f3n los productos pesados, reduciendo las p\u00e9rdidas.<\/li>\n<li>Le permite implantar un solo esc\u00e1ner de plataforma en varios modelos de tiendas de todo el mundo, incluyendo tiendas con huella de esc\u00e1ner de 353 mm (13,9 in), 399 mm (15,7 in) y 508 mm (20 pulg.).<\/li>\n<li>Maximiza el retorno de la inversi\u00f3n con herramientas anal\u00edticas que se necesitan para realizar el seguimiento, la gesti\u00f3n y mejorar la productividad en las cajas y la eficiencia energ\u00e9tica.<\/li>\n<\/ul>\n<\/div>\n<\/div>\n","protected":false},"featured_media":8592,"template":"","meta":[],"class_list":["post-5461","product","type-product","status-publish","has-post-thumbnail","hentry","product_cat-escaner","product_cat-escaneres-para-mostrador"],"_links":{"self":[{"href":"https:\/\/basculasint.com\/en\/wp-json\/wp\/v2\/product\/5461\/"}],"collection":[{"href":"https:\/\/basculasint.com\/en\/wp-json\/wp\/v2\/product\/"}],"about":[{"href":"https:\/\/basculasint.com\/en\/wp-json\/wp\/v2\/types\/product\/"}],"wp:featuredmedia":[{"embeddable":true,"href":"https:\/\/basculasint.com\/en\/wp-json\/wp\/v2\/media\/8592\/"}],"wp:attachment":[{"href":"https:\/\/basculasint.com\/en\/wp-json\/wp\/v2\/media\/?parent=5461"}],"curies":[{"name":"wp","href":"https:\/\/api.w.org\/{rel}","templated":true}]}}