{"id":5463,"date":"2019-04-02T15:51:17","date_gmt":"2019-04-02T21:51:17","guid":{"rendered":"http:\/\/localhost\/?post_type=product&#038;p=5463"},"modified":"2021-08-05T19:42:20","modified_gmt":"2021-08-05T19:42:20","slug":"granit-1980i-y-1981i-escaner-de-rango-completo-honeywell","status":"publish","type":"product","link":"https:\/\/basculasint.com\/en\/producto\/granit-1980i-y-1981i-escaner-de-rango-completo-honeywell\/","title":{"rendered":"Granit 1980i y 1981i Esc\u00e1ner de rango completo, Honeywell"},"content":{"rendered":"","protected":false},"excerpt":{"rendered":"<p>Los esc\u00e1neres de im\u00e1genes de \u00e1rea Granit\u2122 1980i (cableado) y 1981i (inal\u00e1mbrico) pueden leer c\u00f3digos de barras 1D y 2D desde distancias comprendidas entre 15 cm (6 in) a 15 m (50 pies). Estos incorporan tecnolog\u00edas que los hacen muy f\u00e1ciles de usar y eliminan las conjeturas a la hora de escanear en rangos ampliados. Adem\u00e1s, los esc\u00e1neres Granit 1980i y 1981i tienen clasificaci\u00f3n IP65 para soportar entornos adversos.<\/p>\n<p>Los esc\u00e1neres Granit\u2122 1980i (cableado) y 1981i (inal\u00e1mbrico) incorporan una tecnolog\u00eda de escaneado de \u00e1rea de rango completo capaz de leer c\u00f3digo de barras 1D y 2D en un amplio rango de distancias. Desde los c\u00f3digos de baja calidad de 2 mil escaneados a poca distancia hasta los c\u00f3digos de 100 mil escaneados en las vigas de los almacenes a 16 m (52 pies) de altura.<\/p>\n<p>Con un rango insuperable y la opci\u00f3n de libertad inal\u00e1mbrica, los esc\u00e1neres Granit maximizan la productividad del operador en los entornos m\u00e1s hostiles.<\/p>\n<p>Los esc\u00e1neres Granit 1980i y 1981i vienen con tecnolog\u00edas que facilitan su uso, tecnolog\u00edas como un sistema de encuadre de puntero l\u00e1ser integrado con iluminaci\u00f3n autom\u00e1tica, la capacidad de lectura omnidireccional y el soporte t\u00e9cnico para el centrado que elimina las conjeturas a la hora de escanear en rangos ampliados.<\/p>\n<p>Los operadores de carretillas elevadoras equipadas con computadoras m\u00f3viles de montaje en veh\u00edculos, como la serie Thor\u2122 de Honeywell, sabr\u00e1n apreciar c\u00f3mo la capacidad de lectura de rango completo les permite escanear en rangos ampliados mientras permanecen sentados en el veh\u00edculo (por lo que se vuelven m\u00e1s productivos). Adem\u00e1s, con tecnolog\u00eda Bluetooth\u00ae, disfrutar\u00e1n de una completa libertad de movimientos hasta 100 m (328 pies) desde la base.<\/p>\n","protected":false},"featured_media":8492,"template":"","meta":[],"class_list":["post-5463","product","type-product","status-publish","has-post-thumbnail","hentry","product_cat-escaner","product_cat-escaneres-industriales"],"_links":{"self":[{"href":"https:\/\/basculasint.com\/en\/wp-json\/wp\/v2\/product\/5463\/"}],"collection":[{"href":"https:\/\/basculasint.com\/en\/wp-json\/wp\/v2\/product\/"}],"about":[{"href":"https:\/\/basculasint.com\/en\/wp-json\/wp\/v2\/types\/product\/"}],"wp:featuredmedia":[{"embeddable":true,"href":"https:\/\/basculasint.com\/en\/wp-json\/wp\/v2\/media\/8492\/"}],"wp:attachment":[{"href":"https:\/\/basculasint.com\/en\/wp-json\/wp\/v2\/media\/?parent=5463"}],"curies":[{"name":"wp","href":"https:\/\/api.w.org\/{rel}","templated":true}]}}