{"id":5566,"date":"2019-10-28T23:07:03","date_gmt":"2019-10-29T05:07:03","guid":{"rendered":"http:\/\/localhost\/?post_type=product&#038;p=5566"},"modified":"2021-08-26T17:27:51","modified_gmt":"2021-08-26T17:27:51","slug":"escaner-portatil-eclipse-5145-honeywell","status":"publish","type":"product","link":"https:\/\/basculasint.com\/en\/producto\/escaner-portatil-eclipse-5145-honeywell\/","title":{"rendered":"Esc\u00e1ner port\u00e1til Eclipse 5145, Honeywell"},"content":{"rendered":"","protected":false},"excerpt":{"rendered":"<p>El dispositivo Eclipse\u2122 5145 es un esc\u00e1ner l\u00e1ser de mano de l\u00ednea sencilla con un factor de forma compacto que es perfecto para las aplicaciones minoristas. Con tecnolog\u00eda patentada CodeGate\u2122, los miembros de su equipo pueden apuntar con facilidad al c\u00f3digo de barras deseado y completar la transmisi\u00f3n de datos con solo pulsar un bot\u00f3n.<\/p>\n<p>Equipado con CodeGate\u2122<\/p>\n<p>Enf\u00f3quese en el c\u00f3digo deseado y complete la transmisi\u00f3n de datos con tan solo pulsar un bot\u00f3n: ideal para aplicaciones de escaneo de men\u00faes.<\/p>\n<p>CodeSense\u2122<\/p>\n<p>Autom\u00e1ticamente despierta al esc\u00e1ner en modo de reposo cuando se detecta un c\u00f3digo de barras.<\/p>\n<p>Cables Powerlink<\/p>\n<p>Utiliza los mismos cables reemplazables por el usuario y fuentes de alimentaci\u00f3n como los esc\u00e1neres de la serie Voyager\u2122 y Orbit\u2122.<\/p>\n","protected":false},"featured_media":8602,"template":"","meta":[],"class_list":["post-5566","product","type-product","status-publish","has-post-thumbnail","hentry","product_cat-escaner","product_cat-escaneres-portatiles"],"_links":{"self":[{"href":"https:\/\/basculasint.com\/en\/wp-json\/wp\/v2\/product\/5566\/"}],"collection":[{"href":"https:\/\/basculasint.com\/en\/wp-json\/wp\/v2\/product\/"}],"about":[{"href":"https:\/\/basculasint.com\/en\/wp-json\/wp\/v2\/types\/product\/"}],"wp:featuredmedia":[{"embeddable":true,"href":"https:\/\/basculasint.com\/en\/wp-json\/wp\/v2\/media\/8602\/"}],"wp:attachment":[{"href":"https:\/\/basculasint.com\/en\/wp-json\/wp\/v2\/media\/?parent=5566"}],"curies":[{"name":"wp","href":"https:\/\/api.w.org\/{rel}","templated":true}]}}