{"id":5591,"date":"2020-02-17T00:24:39","date_gmt":"2020-02-17T06:24:39","guid":{"rendered":"http:\/\/localhost\/?post_type=product&#038;p=5591"},"modified":"2021-08-05T19:18:21","modified_gmt":"2021-08-05T19:18:21","slug":"bascula-de-camion-multiplataforma-survivor","status":"publish","type":"product","link":"https:\/\/basculasint.com\/en\/producto\/bascula-de-camion-multiplataforma-survivor\/","title":{"rendered":"B\u00e1scula de cami\u00f3n multiplataforma SURVIVOR"},"content":{"rendered":"<p>Fuera de los m\u00e9todos comunes utilizados para el pesaje de ejes, una b\u00e1scula de cami\u00f3n multiplataforma es la m\u00e1s precisa, m\u00e1s r\u00e1pida y la \u00fanica soluci\u00f3n de pesaje de ejes legal para el comercio disponible.<\/p>\n<p>Rice Lake ofrece m\u00faltiples tama\u00f1os de plataforma de las populares b\u00e1sculas de cami\u00f3n SURVIVOR OTR, SR, PT y ATV en configuraciones multiplataforma. La combinaci\u00f3n de los tama\u00f1os de los m\u00f3dulos y la longitud total de la b\u00e1scula est\u00e1 determinada por el espacio entre ejes de los camiones que se pesan. Si no encuentra una combinaci\u00f3n que se adapte a sus necesidades, tambi\u00e9n ofrecemos soluciones personalizadas.<\/p>\n","protected":false},"excerpt":{"rendered":"<ul>\n<li>Celdas de carga de 75,000 lb y montajes G-Force \u2122.<\/li>\n<li>Capacidad de escala completa de hasta 270,000 lb.<\/li>\n<li>Certificado NTEP.<\/li>\n<li>Disponible en varias configuraciones.<\/li>\n<li>Anchos est\u00e1ndar de 10 pies a 14 pies.<\/li>\n<\/ul>\n","protected":false},"featured_media":8478,"template":"","meta":[],"class_list":["post-5591","product","type-product","status-publish","has-post-thumbnail","hentry","product_cat-bascula1","product_cat-presion-bascula"],"_links":{"self":[{"href":"https:\/\/basculasint.com\/en\/wp-json\/wp\/v2\/product\/5591\/"}],"collection":[{"href":"https:\/\/basculasint.com\/en\/wp-json\/wp\/v2\/product\/"}],"about":[{"href":"https:\/\/basculasint.com\/en\/wp-json\/wp\/v2\/types\/product\/"}],"wp:featuredmedia":[{"embeddable":true,"href":"https:\/\/basculasint.com\/en\/wp-json\/wp\/v2\/media\/8478\/"}],"wp:attachment":[{"href":"https:\/\/basculasint.com\/en\/wp-json\/wp\/v2\/media\/?parent=5591"}],"curies":[{"name":"wp","href":"https:\/\/api.w.org\/{rel}","templated":true}]}}