{"id":5605,"date":"2020-02-19T18:09:16","date_gmt":"2020-02-20T00:09:16","guid":{"rendered":"http:\/\/localhost\/?post_type=product&#038;p=5605"},"modified":"2021-08-25T23:24:10","modified_gmt":"2021-08-25T23:24:10","slug":"sw600-indicador-digital-con-puerto-de-serie-digi-star","status":"publish","type":"product","link":"https:\/\/basculasint.com\/en\/producto\/sw600-indicador-digital-con-puerto-de-serie-digi-star\/","title":{"rendered":"SW600 Indicador Digital con Puerto de Serie Digi Star"},"content":{"rendered":"","protected":false},"excerpt":{"rendered":"<p>SW600 se dise\u00f1\u00f3 para el uso con celdas de por lo menos 7,000 libras (3175 kg). Se usa para exportar datos de peso, fecha, y hora por impresora o programas software de terceros.<\/p>\n<ol>\n<li>Conector serie DB9<\/li>\n<li>Connecciones para celdas de carga<\/li>\n<li>Formatos para impresi\u00f3n m\u00faltiples y pre-programados<\/li>\n<li>M\u00e9todos para pesaje &#8212; general, desp\u00e1cio, y r\u00e1pido<\/li>\n<li>Pantalla retro-iluminada de 1&#8243; con capacidad de mostrar seis car\u00e1cteres<\/li>\n<li>Convertidor de alimentaci\u00f3n AC\/DC, presilla de bater\u00eda de 12V<\/li>\n<li>Opciones para el montaje de soportes<\/li>\n<\/ol>\n","protected":false},"featured_media":8557,"template":"","meta":[],"class_list":["post-5605","product","type-product","status-publish","has-post-thumbnail","hentry","product_cat-agropecuario","product_cat-indicadores-2"],"_links":{"self":[{"href":"https:\/\/basculasint.com\/en\/wp-json\/wp\/v2\/product\/5605\/"}],"collection":[{"href":"https:\/\/basculasint.com\/en\/wp-json\/wp\/v2\/product\/"}],"about":[{"href":"https:\/\/basculasint.com\/en\/wp-json\/wp\/v2\/types\/product\/"}],"wp:featuredmedia":[{"embeddable":true,"href":"https:\/\/basculasint.com\/en\/wp-json\/wp\/v2\/media\/8557\/"}],"wp:attachment":[{"href":"https:\/\/basculasint.com\/en\/wp-json\/wp\/v2\/media\/?parent=5605"}],"curies":[{"name":"wp","href":"https:\/\/api.w.org\/{rel}","templated":true}]}}