{"id":5618,"date":"2020-02-20T15:00:42","date_gmt":"2020-02-20T21:00:42","guid":{"rendered":"http:\/\/localhost\/producto\/sw4600eid-indicador-digital-rfid-grabacion-vid\/"},"modified":"2021-08-25T23:23:30","modified_gmt":"2021-08-25T23:23:30","slug":"sw4600eid-indicador-digital-rfid-grabacion-vid-digi-star","status":"publish","type":"product","link":"https:\/\/basculasint.com\/en\/producto\/sw4600eid-indicador-digital-rfid-grabacion-vid-digi-star\/","title":{"rendered":"SW4600EID Indicador Digital RFID, Grabaci\u00f3n VID Digi Star"},"content":{"rendered":"","protected":false},"excerpt":{"rendered":"<p>Este indicador de gerencia avanzada permite la entrada de informaci\u00f3n EID y ID visual. Tiene una pantalla personalizable que ofrece la grabaci\u00f3n f\u00e1cil de datos.<\/p>\n<ul>\n<li>La grabaci\u00f3n autom\u00e1tica del peso del animal y su EID. Muestra la subida media diaria de peso del animal.<\/li>\n<li>Se puede crear un archivo por grupo con ID visual y adicionar apuntes de gerencia<\/li>\n<li>Muestra estad\u00edsticas de peso en grupo, incluso recuento y la suma de peso media, alta, y baja<\/li>\n<li>Software StockWeigh Link (inclu\u00eddo) &#8212; descarga f\u00e1cilmente un archivo CSV del indicador y cargarlo en su computadora<\/li>\n<li>2 puertos de serie DB9 para el lector varita y el interfaz en la computadora o impresora<\/li>\n<li>Pantalla retroiluminada de 1.7&#8243; con l\u00edneas m\u00faltiples, 2 conexiones para celdas de carga<\/li>\n<li>Se puede aguardar hasta 10.000 registros de datos<\/li>\n<li>Compatible con todas las marcas de lectores varita EID<\/li>\n<li>Convertidor de alimentaci\u00f3n AC\/DC, presillas de bater\u00eda 12V, 3 opciones para el montaje de soporte<\/li>\n<\/ul>\n","protected":false},"featured_media":8555,"template":"","meta":[],"class_list":["post-5618","product","type-product","status-publish","has-post-thumbnail","hentry","product_cat-agropecuario","product_cat-indicadores-2"],"_links":{"self":[{"href":"https:\/\/basculasint.com\/en\/wp-json\/wp\/v2\/product\/5618\/"}],"collection":[{"href":"https:\/\/basculasint.com\/en\/wp-json\/wp\/v2\/product\/"}],"about":[{"href":"https:\/\/basculasint.com\/en\/wp-json\/wp\/v2\/types\/product\/"}],"wp:featuredmedia":[{"embeddable":true,"href":"https:\/\/basculasint.com\/en\/wp-json\/wp\/v2\/media\/8555\/"}],"wp:attachment":[{"href":"https:\/\/basculasint.com\/en\/wp-json\/wp\/v2\/media\/?parent=5618"}],"curies":[{"name":"wp","href":"https:\/\/api.w.org\/{rel}","templated":true}]}}