{"id":5625,"date":"2020-02-20T15:56:12","date_gmt":"2020-02-20T21:56:12","guid":{"rendered":"http:\/\/localhost\/?post_type=product&#038;p=5625"},"modified":"2021-08-25T23:13:14","modified_gmt":"2021-08-25T23:13:14","slug":"ez-400-indicador-digi-star","status":"publish","type":"product","link":"https:\/\/basculasint.com\/en\/producto\/ez-400-indicador-digi-star\/","title":{"rendered":"EZ 400, Indicador, Digi Star"},"content":{"rendered":"","protected":false},"excerpt":{"rendered":"<p>Escala b\u00e1sica para espacios compactos: ideal para carros de granos, procesadores de pacas de sembradoras, empacadoras de maicena, empacadoras de forraje y aplicaciones en cabina.<\/p>\n<ul>\n<li>Tare Key y Net \/ Gross Key permiten una visualizaci\u00f3n r\u00e1pida de la pantalla<\/li>\n<li>4 opciones de soporte de montaje: est\u00e1ndar, cu\u00f1a, perno en U y RAM para una mayor flexibilidad<\/li>\n<li>Programabilidad del panel frontal para configuraci\u00f3n y calibraci\u00f3n b\u00e1sicas<\/li>\n<li>Pantalla retroiluminada<\/li>\n<\/ul>\n","protected":false},"featured_media":8537,"template":"","meta":[],"class_list":["post-5625","product","type-product","status-publish","has-post-thumbnail","hentry","product_cat-agropecuario","product_cat-indicadores-2"],"_links":{"self":[{"href":"https:\/\/basculasint.com\/en\/wp-json\/wp\/v2\/product\/5625\/"}],"collection":[{"href":"https:\/\/basculasint.com\/en\/wp-json\/wp\/v2\/product\/"}],"about":[{"href":"https:\/\/basculasint.com\/en\/wp-json\/wp\/v2\/types\/product\/"}],"wp:featuredmedia":[{"embeddable":true,"href":"https:\/\/basculasint.com\/en\/wp-json\/wp\/v2\/media\/8537\/"}],"wp:attachment":[{"href":"https:\/\/basculasint.com\/en\/wp-json\/wp\/v2\/media\/?parent=5625"}],"curies":[{"name":"wp","href":"https:\/\/api.w.org\/{rel}","templated":true}]}}