{"id":5632,"date":"2020-02-25T12:37:33","date_gmt":"2020-02-25T18:37:33","guid":{"rendered":"http:\/\/localhost\/?post_type=product&#038;p=5632"},"modified":"2021-08-25T23:17:25","modified_gmt":"2021-08-25T23:17:25","slug":"ez3600v-indicador-digi-star","status":"publish","type":"product","link":"https:\/\/basculasint.com\/en\/producto\/ez3600v-indicador-digi-star\/","title":{"rendered":"EZ3600V Indicador, Digi Star"},"content":{"rendered":"","protected":false},"excerpt":{"rendered":"<p>Transferencia de datos bidireccional para la gesti\u00f3n de alimentaci\u00f3n total a trav\u00e9s de DataKey\u00ae * o RF DataLink \u2122<\/p>\n<ul>\n<li>Nuevo: programe raciones en su PC o desde el panel frontal de su indicador<\/li>\n<li>Compatible con TMR Tracker\u00ae Feed Management Software y programas de lectura de literas de terceros<\/li>\n<li>Programar raciones en el indicador o PC<\/li>\n<li>La &#8220;luz de alarma y la bocina&#8221; internas alertan al operador de acercarse a los pesos objetivo<\/li>\n<li>Realice los cambios de &#8220;ponderaci\u00f3n de llamadas de la pluma&#8221; y &#8220;recuento&#8221; en el indicador<\/li>\n<li>Mantiene los cambios de feed actualizados o reutiliza datos del d\u00eda a d\u00eda<\/li>\n<li>Mensajes de ayuda en 10 idiomas.<\/li>\n<li>LCD retroiluminada alfanum\u00e9rica de una sola l\u00ednea grande o est\u00e1ndar<\/li>\n<li>Haga pesas de llamadas con l\u00e1piz y cambios de recuento de cabezales desde el teclado<\/li>\n<li>Cargue y alimente seg\u00fan lo indique el indicador: no hay hojas de alimentaci\u00f3n o c\u00e1lculos con los que luchar<\/li>\n<li>Elija c\u00f3mo desea alimentar: carga por carga, cargas predeterminadas, o elija la receta y los corrales para alimentar<\/li>\n<li>Desplazamiento de mensajes de ayuda en formatos multiling\u00fces<\/li>\n<li>Informaci\u00f3n de interfaz con software de alimentaci\u00f3n y programas de lectura de literas<\/li>\n<li>Admite las opciones de transferencia de datos DataKey *<\/li>\n<li>Admite funciones de radio inal\u00e1mbricas de RF DataLink y control de cabina<\/li>\n<li>Opcional: contador de rotaci\u00f3n, luz externa y bocina<\/li>\n<\/ul>\n","protected":false},"featured_media":8543,"template":"","meta":[],"class_list":["post-5632","product","type-product","status-publish","has-post-thumbnail","hentry","product_cat-agropecuario","product_cat-indicadores-2"],"_links":{"self":[{"href":"https:\/\/basculasint.com\/en\/wp-json\/wp\/v2\/product\/5632\/"}],"collection":[{"href":"https:\/\/basculasint.com\/en\/wp-json\/wp\/v2\/product\/"}],"about":[{"href":"https:\/\/basculasint.com\/en\/wp-json\/wp\/v2\/types\/product\/"}],"wp:featuredmedia":[{"embeddable":true,"href":"https:\/\/basculasint.com\/en\/wp-json\/wp\/v2\/media\/8543\/"}],"wp:attachment":[{"href":"https:\/\/basculasint.com\/en\/wp-json\/wp\/v2\/media\/?parent=5632"}],"curies":[{"name":"wp","href":"https:\/\/api.w.org\/{rel}","templated":true}]}}