{"id":5634,"date":"2020-02-25T17:39:54","date_gmt":"2020-02-25T23:39:54","guid":{"rendered":"http:\/\/localhost\/?post_type=product&#038;p=5634"},"modified":"2021-08-25T23:18:16","modified_gmt":"2021-08-25T23:18:16","slug":"ez4600-indicador-digi-star","status":"publish","type":"product","link":"https:\/\/basculasint.com\/en\/producto\/ez4600-indicador-digi-star\/","title":{"rendered":"EZ4600 Indicador, Digi Star"},"content":{"rendered":"","protected":false},"excerpt":{"rendered":"<p>Transferencia de datos bidireccional para la gesti\u00f3n total de la alimentaci\u00f3n a trav\u00e9s de DataKey\u00ae * o RF DataLink \u2122. Dise\u00f1ado para la eficiencia de alimentaci\u00f3n del ganado<\/p>\n<ul>\n<li>Nuevo: programe raciones en su PC o desde el panel frontal de su indicador<\/li>\n<li>Personalizable para adaptarse a su estilo de alimentaci\u00f3n<\/li>\n<li>La pantalla de 3 l\u00edneas f\u00e1cil de leer proporciona informaci\u00f3n de alimentaci\u00f3n completa<\/li>\n<li>Compatible con TMR Tracker\u00ae Feed Management Software y programas de lectura de literas de terceros<\/li>\n<li>Teclado de navegaci\u00f3n para seleccionar r\u00e1pidamente ingredientes, raciones y bol\u00edgrafos<\/li>\n<li>Legal para el comercio<\/li>\n<li>Gran pantalla LCD retroiluminada alfanum\u00e9rica de 84 caracteres<\/li>\n<li>L\u00ednea de acci\u00f3n f\u00e1cil de leer con tres l\u00edneas adicionales para ver el estado o la lista<\/li>\n<li>Teclado de navegaci\u00f3n para seleccionar r\u00e1pidamente de las listas de Recetas, Ingredientes o L\u00e1pices<\/li>\n<li>Aumente la productividad con informaci\u00f3n adicional sobre el estado de carga y alimentaci\u00f3n<\/li>\n<li>Posibilidad de agregar lista de rotuladores desde el teclado<\/li>\n<li>Descargue pesos de llamadas parciales a bol\u00edgrafos con la cantidad restante a\u00fan seleccionable<\/li>\n<li>Monitor de peso bruto y contador de rotaci\u00f3n en vivo<\/li>\n<li>Elija c\u00f3mo desea alimentar: carga por carga, carga predeterminada, o elija la receta y los corrales para alimentar<\/li>\n<li>Desplazamiento de mensajes de ayuda en formatos multiling\u00fces<\/li>\n<li>Informaci\u00f3n de interfaz con software de alimentaci\u00f3n y programas de lectura de literas<\/li>\n<li>Admite la opci\u00f3n de transferencia de datos DataKey *<\/li>\n<li>Admite funciones de radio inal\u00e1mbricas de RF DataLink y control de cabina<\/li>\n<li>Memoria expandible para almacenar 8 veces los datos del l\u00e1piz en comparaci\u00f3n con el tama\u00f1o de memoria est\u00e1ndar<\/li>\n<\/ul>\n","protected":false},"featured_media":8545,"template":"","meta":[],"class_list":["post-5634","product","type-product","status-publish","has-post-thumbnail","hentry","product_cat-agropecuario","product_cat-indicadores-2"],"_links":{"self":[{"href":"https:\/\/basculasint.com\/en\/wp-json\/wp\/v2\/product\/5634\/"}],"collection":[{"href":"https:\/\/basculasint.com\/en\/wp-json\/wp\/v2\/product\/"}],"about":[{"href":"https:\/\/basculasint.com\/en\/wp-json\/wp\/v2\/types\/product\/"}],"wp:featuredmedia":[{"embeddable":true,"href":"https:\/\/basculasint.com\/en\/wp-json\/wp\/v2\/media\/8545\/"}],"wp:attachment":[{"href":"https:\/\/basculasint.com\/en\/wp-json\/wp\/v2\/media\/?parent=5634"}],"curies":[{"name":"wp","href":"https:\/\/api.w.org\/{rel}","templated":true}]}}