{"id":5638,"date":"2020-02-25T17:50:08","date_gmt":"2020-02-25T23:50:08","guid":{"rendered":"http:\/\/localhost\/?post_type=product&#038;p=5638"},"modified":"2021-08-25T23:20:35","modified_gmt":"2021-08-25T23:20:35","slug":"gt460-indicador-digi-star","status":"publish","type":"product","link":"https:\/\/basculasint.com\/en\/producto\/gt460-indicador-digi-star\/","title":{"rendered":"GT460 Indicador, Digi Star"},"content":{"rendered":"","protected":false},"excerpt":{"rendered":"<p>Un sistema de interfaz de carrito de granos con todas las funciones que proporciona importantes beneficios de registro y gesti\u00f3n de campo para productores y cosechadores personalizados.<\/p>\n<ul>\n<li>Una pantalla grande de varias l\u00edneas puede mostrar el \u00faltimo registro, lo que se est\u00e1 cargando actualmente y puede proporcionar la capacidad de impresora sin papel.<\/li>\n<li>Teclado de navegaci\u00f3n para revisar cargas anteriores o editar informaci\u00f3n de campo<\/li>\n<li>Bot\u00f3n CAMPO para ver y cambiar el campo de datos alfanum\u00e9ricos de 26 caracteres<\/li>\n<li>Funci\u00f3n CHECK para verificar o calibrar el monitor de rendimiento de la cosechadora<\/li>\n<li>Teclado QWERTY para editar o cambiar f\u00e1cilmente informaci\u00f3n de campo<\/li>\n<li>Datos de sello de fecha y hora para verificaci\u00f3n de registros de seguros o fines de cosecha personalizados<\/li>\n<li>Acumulaci\u00f3n de pesos por entrada de campo.<\/li>\n<li>Nombres de campo bidireccionales desde la PC al indicador a trav\u00e9s de USB<\/li>\n<\/ul>\n","protected":false},"featured_media":8549,"template":"","meta":[],"class_list":["post-5638","product","type-product","status-publish","has-post-thumbnail","hentry","product_cat-agropecuario","product_cat-indicadores-2"],"_links":{"self":[{"href":"https:\/\/basculasint.com\/en\/wp-json\/wp\/v2\/product\/5638\/"}],"collection":[{"href":"https:\/\/basculasint.com\/en\/wp-json\/wp\/v2\/product\/"}],"about":[{"href":"https:\/\/basculasint.com\/en\/wp-json\/wp\/v2\/types\/product\/"}],"wp:featuredmedia":[{"embeddable":true,"href":"https:\/\/basculasint.com\/en\/wp-json\/wp\/v2\/media\/8549\/"}],"wp:attachment":[{"href":"https:\/\/basculasint.com\/en\/wp-json\/wp\/v2\/media\/?parent=5638"}],"curies":[{"name":"wp","href":"https:\/\/api.w.org\/{rel}","templated":true}]}}