{"id":5704,"date":"2020-03-05T06:38:34","date_gmt":"2020-03-05T12:38:34","guid":{"rendered":"http:\/\/localhost\/?post_type=product&#038;p=5704"},"modified":"2021-08-25T23:02:18","modified_gmt":"2021-08-25T23:02:18","slug":"sw3300-16-3300-lb-cap-solo-par-de-pesas-de-celda-de-carga","status":"publish","type":"product","link":"https:\/\/basculasint.com\/en\/producto\/sw3300-16-3300-lb-cap-solo-par-de-pesas-de-celda-de-carga\/","title":{"rendered":"SW3300-16, 3300 lb Cap., Solo par de pesas de celda de carga"},"content":{"rendered":"","protected":false},"excerpt":{"rendered":"<p>Par de vigas de pesaje de celda de carga SW3300 solamente<\/p>\n<p>Este dise\u00f1o de celda de carga de acero inoxidable ofrece resultados de pesaje \u00fanicos y \u00fatiles: lecturas de peso precisas en superficies irregulares.<\/p>\n<p>El cable electr\u00f3nico est\u00e1 protegido con un protector de cable flexible de acero inoxidable para resistir lesiones causadas por mordeduras de animales o pellizcos accidentales, lo que prolonga la vida \u00fatil del cable. Colocar debajo de la caja o plataforma de un animal individual. Perfecto para productores, clubes 4-H y FFA que pueden requerir pesar el ganado en m\u00faltiples ubicaciones.<\/p>\n<ul>\n<li>Cable protegido de acero inoxidable flexible de 15 pies<\/li>\n<li>Capacidad de 1650 lb cada celda de carga de 16 &#8220;(3300 lb. \/ par)<\/li>\n<li>Complete su sistema con una compra adicional de plataformas de aluminio Digi-Star de 24 &#8220;x 90&#8221; o 28 &#8220;x 54&#8221;<\/li>\n<li>Precisi\u00f3n: \u00b1 1% y \u00b1 1 recuento de pantallas<\/li>\n<li>Usar con indicadores digitales SW300, SW600, SW4600EID<\/li>\n<\/ul>\n","protected":false},"featured_media":8525,"template":"","meta":[],"class_list":["post-5704","product","type-product","status-publish","has-post-thumbnail","hentry","product_cat-agropecuario","product_cat-celdas-de-carga"],"_links":{"self":[{"href":"https:\/\/basculasint.com\/en\/wp-json\/wp\/v2\/product\/5704\/"}],"collection":[{"href":"https:\/\/basculasint.com\/en\/wp-json\/wp\/v2\/product\/"}],"about":[{"href":"https:\/\/basculasint.com\/en\/wp-json\/wp\/v2\/types\/product\/"}],"wp:featuredmedia":[{"embeddable":true,"href":"https:\/\/basculasint.com\/en\/wp-json\/wp\/v2\/media\/8525\/"}],"wp:attachment":[{"href":"https:\/\/basculasint.com\/en\/wp-json\/wp\/v2\/media\/?parent=5704"}],"curies":[{"name":"wp","href":"https:\/\/api.w.org\/{rel}","templated":true}]}}