{"id":5708,"date":"2020-03-05T06:43:07","date_gmt":"2020-03-05T12:43:07","guid":{"rendered":"http:\/\/localhost\/?post_type=product&#038;p=5708"},"modified":"2021-08-25T23:04:27","modified_gmt":"2021-08-25T23:04:27","slug":"sw7000-40-7000-cap-solo-par-de-vigas-de-pesaje-de-canal-de-compresion","status":"publish","type":"product","link":"https:\/\/basculasint.com\/en\/producto\/sw7000-40-7000-cap-solo-par-de-vigas-de-pesaje-de-canal-de-compresion\/","title":{"rendered":"SW7000-40, 7000 Cap., Solo par de vigas de pesaje de canal de compresi\u00f3n"},"content":{"rendered":"","protected":false},"excerpt":{"rendered":"<p><strong>Viga de pesaje de servicio pesado SW7000<\/strong><\/p>\n<p>Esta viga de pesaje resistente est\u00e1 dise\u00f1ada para colocarse debajo de canales de compresi\u00f3n manuales.\u00a0Es f\u00e1cil de instalar.\u00a0No se necesitan ajustes de nivelaci\u00f3n, solo aseg\u00farelo.\u00a0El dise\u00f1o \u00fanico es preciso incluso en pendientes suaves.<\/p>\n<p>El protector de cable de acero inoxidable resiste la masticaci\u00f3n de roedores y las lesiones de cable comunes en las instalaciones de procesamiento de ganado.<\/p>\n<ul>\n<li>Largo: 40 &#8220;<\/li>\n<li>Capacidad de 3,500 lb cada viga de pesaje (7000 lbs.\/pare)<\/li>\n<li>Ideal para canales de compresi\u00f3n manuales, o seguro bajo su propio corral de pesaje para grupos peque\u00f1os<\/li>\n<li>Cable protector de acero inoxidable flexible de 15 pies<\/li>\n<li>Acabado en polvo duradero<\/li>\n<li>Precisi\u00f3n: \u00b1 1% y \u00b1 1 recuento de pantallas<\/li>\n<li>Usar con indicadores digitales SW600, SW4600EID<\/li>\n<\/ul>\n","protected":false},"featured_media":8527,"template":"","meta":[],"class_list":["post-5708","product","type-product","status-publish","has-post-thumbnail","hentry","product_cat-agropecuario","product_cat-celdas-de-carga"],"_links":{"self":[{"href":"https:\/\/basculasint.com\/en\/wp-json\/wp\/v2\/product\/5708\/"}],"collection":[{"href":"https:\/\/basculasint.com\/en\/wp-json\/wp\/v2\/product\/"}],"about":[{"href":"https:\/\/basculasint.com\/en\/wp-json\/wp\/v2\/types\/product\/"}],"wp:featuredmedia":[{"embeddable":true,"href":"https:\/\/basculasint.com\/en\/wp-json\/wp\/v2\/media\/8527\/"}],"wp:attachment":[{"href":"https:\/\/basculasint.com\/en\/wp-json\/wp\/v2\/media\/?parent=5708"}],"curies":[{"name":"wp","href":"https:\/\/api.w.org\/{rel}","templated":true}]}}