{"id":5721,"date":"2020-03-05T06:57:58","date_gmt":"2020-03-05T12:57:58","guid":{"rendered":"http:\/\/localhost\/?post_type=product&#038;p=5721"},"modified":"2021-08-25T22:59:44","modified_gmt":"2021-08-25T22:59:44","slug":"sistema-de-acoplamiento-k80","status":"publish","type":"product","link":"https:\/\/basculasint.com\/en\/producto\/sistema-de-acoplamiento-k80\/","title":{"rendered":"Sistema de acoplamiento K80"},"content":{"rendered":"","protected":false},"excerpt":{"rendered":"<p>Digi-Star, en asociaci\u00f3n con Scharm\u00fcller, presenta una nueva soluci\u00f3n de pesaje para la aplicaci\u00f3n de alimentaci\u00f3n de mezcladoras, carros de granos, vagones de forraje, esparcidores y otros equipos arrastrados.<br \/>\nCombinada con la tecnolog\u00eda integrada Digi-Star, la bola de acoplamiento K80 est\u00e1 dise\u00f1ada para ser una soluci\u00f3n \u00fanica, precisa e innovadora para pesar. El sistema de acoplamiento Digi-Star K80 est\u00e1 certificado por T\u00fcv para su uso a velocidades de hasta 40 km \/ h, con una carga de presi\u00f3n de 4000 kg.<br \/>\nLa tecnolog\u00eda de pesaje est\u00e1 completamente construida dentro de la duradera bola de acoplamiento K80. El cable de conexi\u00f3n se encuentra en la parte posterior del acoplamiento.<br \/>\nDigi-Star K80 se puede aplicar montado en f\u00e1brica o modernizado en equipos arrastrados. Est\u00e1 disponible en diferentes tama\u00f1os y se comunica con todos los indicadores de pesaje Digi-Star recientes.<\/p>\n","protected":false},"featured_media":8521,"template":"","meta":[],"class_list":["post-5721","product","type-product","status-publish","has-post-thumbnail","hentry","product_cat-agropecuario","product_cat-celdas-de-carga"],"_links":{"self":[{"href":"https:\/\/basculasint.com\/en\/wp-json\/wp\/v2\/product\/5721\/"}],"collection":[{"href":"https:\/\/basculasint.com\/en\/wp-json\/wp\/v2\/product\/"}],"about":[{"href":"https:\/\/basculasint.com\/en\/wp-json\/wp\/v2\/types\/product\/"}],"wp:featuredmedia":[{"embeddable":true,"href":"https:\/\/basculasint.com\/en\/wp-json\/wp\/v2\/media\/8521\/"}],"wp:attachment":[{"href":"https:\/\/basculasint.com\/en\/wp-json\/wp\/v2\/media\/?parent=5721"}],"curies":[{"name":"wp","href":"https:\/\/api.w.org\/{rel}","templated":true}]}}