{"id":5726,"date":"2020-03-05T07:05:21","date_gmt":"2020-03-05T13:05:21","guid":{"rendered":"http:\/\/localhost\/?post_type=product&#038;p=5726"},"modified":"2021-08-25T23:29:55","modified_gmt":"2021-08-25T23:29:55","slug":"sistema-completo-escala-de-callejon-con-bateria-aa-pwrd-indicador","status":"publish","type":"product","link":"https:\/\/basculasint.com\/en\/producto\/sistema-completo-escala-de-callejon-con-bateria-aa-pwrd-indicador\/","title":{"rendered":"Sistema completo Escala de callej\u00f3n con bater\u00eda AA Pwrd. Indicador"},"content":{"rendered":"","protected":false},"excerpt":{"rendered":"<p><strong>SW Wrangler Alleyway Scale Complete, que incluye pantalla SW300, dos celdas de carga SW3300-24 &#8220;y plataforma de aluminio de 90&#8221;.<\/strong><\/p>\n<p><strong>Indicador digital SW300<\/strong><\/p>\n<p>Indicador popular y f\u00e1cil de usar.\u00a0Ideal para productores, grupos FFA y 4-H.<\/p>\n<p>El SW300 presenta un dise\u00f1o compacto y duradero con la comodidad de una bater\u00eda interna.<\/p>\n<ul>\n<li>Alimentado por (2) bater\u00eda &#8216;AA&#8217;, m\u00e1s de 50 horas de vida \u00fatil, tambi\u00e9n convertidor de potencia de 120V<\/li>\n<li>M\u00e9todos de pesaje generales, lentos, r\u00e1pidos y bloqueables<\/li>\n<li>Apagado autom\u00e1tico y configuraciones de conservaci\u00f3n<\/li>\n<li>Incluye 3 opciones de soporte de montaje, 2 conexiones de celda de carga<\/li>\n<li>1 &#8220;, pantalla de 6 caracteres,<\/li>\n<\/ul>\n<p><strong>Haz de pesaje de celda de carga SW3300<\/strong><\/p>\n<p>Este dise\u00f1o de celda de carga de acero inoxidable ofrece resultados de pesaje \u00fanicos y \u00fatiles: lecturas de peso precisas en superficies irregulares.<\/p>\n<p>El cable electr\u00f3nico est\u00e1 protegido con un protector de cable flexible de acero inoxidable para resistir lesiones causadas por mordeduras de animales o pellizcos accidentales, lo que prolonga la vida \u00fatil del cable.\u00a0Perfecto para productores, clubes 4-H y FFA que pueden requerir pesar el ganado en m\u00faltiples ubicaciones.<\/p>\n<ul>\n<li>Cable protegido de acero inoxidable flexible de 15 pies<\/li>\n<li>1650 lb de capacidad en cada celda de carga (3300 lb. \/ par)<\/li>\n<li>Precisi\u00f3n: \u00b1 1% y \u00b1 1 recuento de pantallas<\/li>\n<\/ul>\n<p><strong>Plataforma de aluminio de 90 &#8220;<\/strong><\/p>\n<p>Esta plataforma de paso de servicio pesado es liviana, pero lo suficientemente duradera como para no flexionarse debajo de un animal de 2500 lb.\u00a0Los lados inclinados ofrecen mayor resistencia, al tiempo que reducen el deslizamiento del ganado por los lados.\u00a0La superficie para caminar de la plataforma cuenta con orificios sobresalientes de 1 &#8220;para permitir que los escombros caigan mientras ofrece una superficie antideslizante.\u00a0Los bordes horizontales laterales presentan aluminio enrollado, lo que evita lesiones en el tobillo en caso de que un animal salga del costado de la plataforma<\/p>\n<ul>\n<li>Dimensi\u00f3n total: 24 &#8220;x90&#8221;, ancho de recorrido de 16 &#8220;<\/li>\n<li>Altura de la superficie de la plataforma cuando se combina con celdas de carga SW3300-24 &#8220;: 4.0&#8221;<\/li>\n<li>Peso: 60 lbs.\u00a0Cuando se sujeta con celdas de carga SW3300-24 \u201d, 102 lbs.<\/li>\n<li>Las dimensiones cumplen con los requisitos de env\u00edo &#8216;de gran tama\u00f1o&#8217;<\/li>\n<\/ul>\n","protected":false},"featured_media":8568,"template":"","meta":[],"class_list":["post-5726","product","type-product","status-publish","has-post-thumbnail","hentry","product_cat-agropecuario","product_cat-paquetes"],"_links":{"self":[{"href":"https:\/\/basculasint.com\/en\/wp-json\/wp\/v2\/product\/5726\/"}],"collection":[{"href":"https:\/\/basculasint.com\/en\/wp-json\/wp\/v2\/product\/"}],"about":[{"href":"https:\/\/basculasint.com\/en\/wp-json\/wp\/v2\/types\/product\/"}],"wp:featuredmedia":[{"embeddable":true,"href":"https:\/\/basculasint.com\/en\/wp-json\/wp\/v2\/media\/8568\/"}],"wp:attachment":[{"href":"https:\/\/basculasint.com\/en\/wp-json\/wp\/v2\/media\/?parent=5726"}],"curies":[{"name":"wp","href":"https:\/\/api.w.org\/{rel}","templated":true}]}}