{"id":5731,"date":"2020-03-05T07:09:10","date_gmt":"2020-03-05T13:09:10","guid":{"rendered":"http:\/\/localhost\/?post_type=product&#038;p=5731"},"modified":"2021-08-25T23:26:17","modified_gmt":"2021-08-25T23:26:17","slug":"balanza-completa-wrangler-jr-con-bateria-aa-pwrd-indicador","status":"publish","type":"product","link":"https:\/\/basculasint.com\/en\/producto\/balanza-completa-wrangler-jr-con-bateria-aa-pwrd-indicador\/","title":{"rendered":"Balanza completa Wrangler Jr. con bater\u00eda AA Pwrd. Indicador"},"content":{"rendered":"","protected":false},"excerpt":{"rendered":"<p><strong>SW Wrangler Junior Scale Complete, que incluye pantalla SW300, dos celdas de carga SW3300-24 &#8220;, rueda y manija, y plataforma de aluminio de 54&#8221;.<\/strong><\/p>\n<p><strong>Indicador digital SW300<\/strong><\/p>\n<p>Indicador popular y f\u00e1cil de usar.\u00a0Ideal para productores, grupos FFA y 4-H.<\/p>\n<p>El SW300 presenta un dise\u00f1o compacto y duradero con la comodidad de una bater\u00eda interna.<\/p>\n<ul>\n<li>Alimentado por (2) bater\u00eda &#8216;AA&#8217;, m\u00e1s de 50 horas de vida \u00fatil, tambi\u00e9n convertidor de potencia de 120V<\/li>\n<li>M\u00e9todos de pesaje generales, lentos, r\u00e1pidos y bloqueables<\/li>\n<li>Apagado autom\u00e1tico y configuraciones de conservaci\u00f3n<\/li>\n<li>Incluye 3 opciones de soporte de montaje, 2 conexiones de celda de carga<\/li>\n<li>1 &#8220;, pantalla de 6 caracteres,<\/li>\n<\/ul>\n<p><strong>Haz de pesaje de celda de carga SW3300<\/strong><\/p>\n<p>Este dise\u00f1o de celda de carga de acero inoxidable ofrece resultados de pesaje \u00fanicos y \u00fatiles: lecturas de peso precisas en superficies irregulares.<\/p>\n<p>El cable electr\u00f3nico est\u00e1 protegido con un protector de cable flexible de acero inoxidable para resistir lesiones causadas por mordeduras de animales o pellizcos accidentales, lo que prolonga la vida \u00fatil del cable.\u00a0Perfecto para productores, clubes 4-H y FFA que pueden requerir pesar el ganado en m\u00faltiples ubicaciones.<\/p>\n<ul>\n<li>Cable protegido de acero inoxidable flexible de 15 pies<\/li>\n<li>1650 lb de capacidad en cada celda de carga (3300 lb. \/ par)<\/li>\n<li>Precisi\u00f3n: \u00b1 1% y \u00b1 1 recuento de pantallas<\/li>\n<\/ul>\n<p><strong>Plataforma Wrangler Junior de 54 &#8220;<\/strong><\/p>\n<p>Esta plataforma de pasarela port\u00e1til y resistente es liviana, pero duradera para manejar un manejo brusco durante el transporte.\u00a0\u00a1Y es lo suficientemente peque\u00f1o como para transportarlo en un SUV!<\/p>\n<ul>\n<li><u>Dise\u00f1ado para pesar animales peque\u00f1os<\/u>\u00a0\u00a0(ovejas, cabras, cerdos, ex\u00f3ticos).\u00a0Ideal para clubes 4H y FFA<\/li>\n<li>&#8220;Sin jaula&#8221; permite una variedad de usos de altura animal.\u00a0\u00a0<em>El lado r\u00edgido de la plataforma, 4 &#8220;de altura, permite montar paneles laterales caseros<\/em><\/li>\n<li>Plataforma de aluminio de 54 &#8220;x 28.5&#8221; (23 &#8220;adentro).\u00a0Altura de cubierta 4.0 &#8220;<\/li>\n<li>Port\u00e1til, 96 lbs incluyendo celdas de carga, el brazo de soporte del indicador se pliega para transportar<\/li>\n<li>Manejable como una carretilla<\/li>\n<li>\u00a0\u00a0Capacidad 700+ lbs<\/li>\n<\/ul>\n","protected":false},"featured_media":8560,"template":"","meta":[],"class_list":["post-5731","product","type-product","status-publish","has-post-thumbnail","hentry","product_cat-agropecuario","product_cat-paquetes"],"_links":{"self":[{"href":"https:\/\/basculasint.com\/en\/wp-json\/wp\/v2\/product\/5731\/"}],"collection":[{"href":"https:\/\/basculasint.com\/en\/wp-json\/wp\/v2\/product\/"}],"about":[{"href":"https:\/\/basculasint.com\/en\/wp-json\/wp\/v2\/types\/product\/"}],"wp:featuredmedia":[{"embeddable":true,"href":"https:\/\/basculasint.com\/en\/wp-json\/wp\/v2\/media\/8560\/"}],"wp:attachment":[{"href":"https:\/\/basculasint.com\/en\/wp-json\/wp\/v2\/media\/?parent=5731"}],"curies":[{"name":"wp","href":"https:\/\/api.w.org\/{rel}","templated":true}]}}