{"id":5736,"date":"2020-03-05T07:13:01","date_gmt":"2020-03-05T13:13:01","guid":{"rendered":"http:\/\/localhost\/?post_type=product&#038;p=5736"},"modified":"2021-08-25T23:27:32","modified_gmt":"2021-08-25T23:27:32","slug":"kit-de-actualizacion-con-celdas-de-carga-e-indicador-sw300","status":"publish","type":"product","link":"https:\/\/basculasint.com\/en\/producto\/kit-de-actualizacion-con-celdas-de-carga-e-indicador-sw300\/","title":{"rendered":"Kit de actualizaci\u00f3n con celdas de carga e indicador SW300"},"content":{"rendered":"","protected":false},"excerpt":{"rendered":"<p><strong>Kit de actualizaci\u00f3n con celdas de carga SW3300-24 &#8220;, indicador de bater\u00eda SW300 &#8216;AA&#8217;: le permite adaptar su b\u00e1scula mec\u00e1nica actual o construir su propia plataforma<\/strong>\u00a0.<\/p>\n<p><strong>Haz de pesaje de celda de carga SW3300<\/strong><\/p>\n<p>Este dise\u00f1o de celda de carga de acero inoxidable ofrece lecturas de peso \u00fanicas y precisas en superficies irregulares.<\/p>\n<p>El cable electr\u00f3nico est\u00e1 protegido con un protector de cable flexible de acero inoxidable para resistir lesiones causadas por mordeduras de animales o pellizcos accidentales, lo que prolonga la vida \u00fatil del cable.\u00a0Colocar debajo de la caja o plataforma de un animal individual.\u00a0Perfecto para productores, clubes 4-H y FFA que pueden requerir pesar el ganado en m\u00faltiples ubicaciones.<\/p>\n<ul>\n<li>Cable protegido de acero inoxidable flexible de 15 pies<\/li>\n<li>Capacidad de 1650 lb cada celda de carga de 24 &#8220;(3300 lb. \/ par)<\/li>\n<li>Precisi\u00f3n: \u00b1 1% y \u00b1 1 recuento de pantallas<\/li>\n<\/ul>\n<p><strong>Indicador digital SW300<\/strong><\/p>\n<p>Indicador popular y f\u00e1cil de usar.\u00a0Ideal para productores, grupos FFA y 4-H.<\/p>\n<p>El SW300 presenta un dise\u00f1o compacto y duradero con la comodidad de una bater\u00eda interna.<\/p>\n<ul>\n<li>Alimentado por (2) bater\u00eda &#8216;AA&#8217;, m\u00e1s de 50 horas de vida \u00fatil, tambi\u00e9n convertidor de potencia de 120V<\/li>\n<li>M\u00e9todos de pesaje generales, lentos, r\u00e1pidos y bloqueables<\/li>\n<li>Apagado autom\u00e1tico y configuraciones de conservaci\u00f3n<\/li>\n<li>Incluye 3 opciones de soporte de montaje, 2 conexiones de celda de carga<\/li>\n<li>1 &#8220;, pantalla de 6 caracteres,<\/li>\n<\/ul>\n","protected":false},"featured_media":8564,"template":"","meta":[],"class_list":["post-5736","product","type-product","status-publish","has-post-thumbnail","hentry","product_cat-agropecuario","product_cat-paquetes"],"_links":{"self":[{"href":"https:\/\/basculasint.com\/en\/wp-json\/wp\/v2\/product\/5736\/"}],"collection":[{"href":"https:\/\/basculasint.com\/en\/wp-json\/wp\/v2\/product\/"}],"about":[{"href":"https:\/\/basculasint.com\/en\/wp-json\/wp\/v2\/types\/product\/"}],"wp:featuredmedia":[{"embeddable":true,"href":"https:\/\/basculasint.com\/en\/wp-json\/wp\/v2\/media\/8564\/"}],"wp:attachment":[{"href":"https:\/\/basculasint.com\/en\/wp-json\/wp\/v2\/media\/?parent=5736"}],"curies":[{"name":"wp","href":"https:\/\/api.w.org\/{rel}","templated":true}]}}