{"id":5737,"date":"2020-03-05T07:11:45","date_gmt":"2020-03-05T13:11:45","guid":{"rendered":"http:\/\/localhost\/?post_type=product&#038;p=5737"},"modified":"2021-08-25T23:32:18","modified_gmt":"2021-08-25T23:32:18","slug":"sistema-completo-wrangler-jr-con-indicador-de-grabacion","status":"publish","type":"product","link":"https:\/\/basculasint.com\/en\/producto\/sistema-completo-wrangler-jr-con-indicador-de-grabacion\/","title":{"rendered":"Sistema completo Wrangler Jr. con indicador de grabaci\u00f3n"},"content":{"rendered":"","protected":false},"excerpt":{"rendered":"<p><strong>SW Wrangler Junior Complete, que incluye pantalla de grabaci\u00f3n SW4600EID, dos celdas de carga SW3300-24 &#8220;, rueda y asa, y plataforma de aluminio de 54&#8221;.<\/strong><\/p>\n<p><strong>Balanza Wrangler Junior de 54 &#8220;<\/strong><\/p>\n<p>Esta plataforma de pasarela port\u00e1til y resistente es liviana, pero duradera para manejar un manejo brusco durante el transporte.\u00a0Las celdas de carga SW3300-24 \u201dpesan con precisi\u00f3n en superficies desiguales y firmes, ideales para esas oportunidades de pesaje en el camino de entrada, el cobertizo y el pasto.\u00a0Incluye\u00a0\u00a0<strong>indicador de grabaci\u00f3n SW4600EID.\u00a0<\/strong>Este indicador de gesti\u00f3n avanzada permite la entrada de EID y Visual ID con pantalla personalizable que ofrece una f\u00e1cil recopilaci\u00f3n de datos.<\/p>\n<p>\u00a1Y es lo suficientemente peque\u00f1o como para transportarlo en un SUV!<\/p>\n<ul>\n<li><u>Dise\u00f1ado para pesar animales peque\u00f1os<\/u>\u00a0(ovejas, cabras, cerdos, ex\u00f3ticos).\u00a0Ideal para clubes 4H y FFA<\/li>\n<li>&#8220;Sin jaula&#8221; permite una variedad de usos de altura animal.\u00a0\u00a0<em>El lado r\u00edgido de la plataforma, 4 &#8220;de altura, permite montar paneles laterales caseros<\/em><\/li>\n<li>Plataforma de aluminio de 54 &#8220;x 28.5&#8221; (23 &#8220;adentro).\u00a0Altura de cubierta 4.0 &#8220;<\/li>\n<li>Port\u00e1til, 96 libras completo, el brazo de soporte del indicador se pliega hacia abajo para el transporte<\/li>\n<li>Manejable como una carretilla<\/li>\n<li>Celdas de carga SW3300-24 &#8220;con cable de acero inoxidable,<\/li>\n<li>Capacidad 700+ lbs<\/li>\n<\/ul>\n","protected":false},"featured_media":8572,"template":"","meta":[],"class_list":["post-5737","product","type-product","status-publish","has-post-thumbnail","hentry","product_cat-agropecuario","product_cat-paquetes"],"_links":{"self":[{"href":"https:\/\/basculasint.com\/en\/wp-json\/wp\/v2\/product\/5737\/"}],"collection":[{"href":"https:\/\/basculasint.com\/en\/wp-json\/wp\/v2\/product\/"}],"about":[{"href":"https:\/\/basculasint.com\/en\/wp-json\/wp\/v2\/types\/product\/"}],"wp:featuredmedia":[{"embeddable":true,"href":"https:\/\/basculasint.com\/en\/wp-json\/wp\/v2\/media\/8572\/"}],"wp:attachment":[{"href":"https:\/\/basculasint.com\/en\/wp-json\/wp\/v2\/media\/?parent=5737"}],"curies":[{"name":"wp","href":"https:\/\/api.w.org\/{rel}","templated":true}]}}