{"id":5740,"date":"2020-03-05T07:15:37","date_gmt":"2020-03-05T13:15:37","guid":{"rendered":"http:\/\/localhost\/?post_type=product&#038;p=5740"},"modified":"2021-08-25T23:41:28","modified_gmt":"2021-08-25T23:41:28","slug":"sistema-de-montaje-a-escala-de-plataforma-de-25000-lb","status":"publish","type":"product","link":"https:\/\/basculasint.com\/en\/producto\/sistema-de-montaje-a-escala-de-plataforma-de-25000-lb\/","title":{"rendered":"Sistema de montaje a escala de plataforma de 25,000 lb"},"content":{"rendered":"","protected":false},"excerpt":{"rendered":"<p>Sistemas de b\u00e1scula grupal : introducci\u00f3n de un sistema de b\u00e1scula para pesaje grupal<\/p>\n<p>Adapte f\u00e1cilmente sus antiguas b\u00e1sculas mec\u00e1nicas a un sistema de b\u00e1scula digital preciso y f\u00e1cil de usar.<\/p>\n<p>El kit incluye el hardware necesario para colocar celdas de carga debajo de la plataforma de pesaje de grupo existente y un indicador digital StockWeigh 600 ( plataforma no incluida en el kit ). Para una plataforma de dise\u00f1o propio, la estructura ideal es r\u00edgida para minimizar la desviaci\u00f3n, y los montajes de la celda de carga se colocan cerca del per\u00edmetro de la base de la plataforma. Las celdas de carga, los soportes de hardware y el indicador est\u00e1n dise\u00f1ados para soportar altas capacidades de peso y entornos agr\u00edcolas al aire libre.<\/p>\n<p>El kit incluye:<\/p>\n<ol>\n<li><strong>Ensambles de montaje de celda de carga de servicio pesado de 25,000 lb, caja de conexiones, cable \u00fanico para conectar al indicador.<\/strong><\/li>\n<li><strong>143980 Montaje de montaje &#8230; 4<\/strong><\/li>\n<li><strong>404975 celda, 1.875 DB-21 &#8220;&#8230; 4<\/strong><\/li>\n<li><strong>404930 Tuerca-palanca J-Boxc 4 PT &#8230; 1<\/strong><\/li>\n<li><strong>141837 Cable 30 &#8216;J-Box &#8230; 1<\/strong><\/li>\n<li><strong>405159 SW600 2 puertos de celda de carga, 1 salida serie<\/strong><\/li>\n<li><strong>148156 Power Cube, AC \/ DC con conector &#8230; 1<\/strong><\/li>\n<li><strong>404777 Cable de alimentaci\u00f3n del clip de bater\u00eda, 9 &#8216;&#8230; 1<\/strong><\/li>\n<li><strong>405124 3 Opciones de montaje &#8230; 1<\/strong><\/li>\n<li><strong>Indicador digital SW600<\/strong><\/li>\n<\/ol>\n<p>SW600 es un indicador de modelo eficiente para usar con celdas de carga de 7,000 lb o m\u00e1s pesadas. Lo utilizan para exportar el peso, la fecha y los datos de tiempo a trav\u00e9s de RS232 serie para impresora o 3 rd programas de software de terceros.<\/p>\n<ul>\n<li>Un conector serie DB9,<\/li>\n<li>Dos conexiones de celda de carga<\/li>\n<li>M\u00faltiples formatos de impresi\u00f3n preprogramados<\/li>\n<li>M\u00e9todos de pesaje generales, lentos, r\u00e1pidos y bloqueables<\/li>\n<li>I &#8220;, pantalla retroiluminada de 6 caracteres<\/li>\n<li>Convertidor de corriente AC \/ DC, clips de bater\u00eda de 12V,<\/li>\n<li>Incluye 3 opciones de soporte de montaje<\/li>\n<\/ul>\n","protected":false},"featured_media":8578,"template":"","meta":[],"class_list":["post-5740","product","type-product","status-publish","has-post-thumbnail","hentry","product_cat-agropecuario","product_cat-paquetes"],"_links":{"self":[{"href":"https:\/\/basculasint.com\/en\/wp-json\/wp\/v2\/product\/5740\/"}],"collection":[{"href":"https:\/\/basculasint.com\/en\/wp-json\/wp\/v2\/product\/"}],"about":[{"href":"https:\/\/basculasint.com\/en\/wp-json\/wp\/v2\/types\/product\/"}],"wp:featuredmedia":[{"embeddable":true,"href":"https:\/\/basculasint.com\/en\/wp-json\/wp\/v2\/media\/8578\/"}],"wp:attachment":[{"href":"https:\/\/basculasint.com\/en\/wp-json\/wp\/v2\/media\/?parent=5740"}],"curies":[{"name":"wp","href":"https:\/\/api.w.org\/{rel}","templated":true}]}}