{"id":5741,"date":"2020-03-05T07:16:42","date_gmt":"2020-03-05T13:16:42","guid":{"rendered":"http:\/\/localhost\/?post_type=product&#038;p=5741"},"modified":"2021-08-25T23:28:50","modified_gmt":"2021-08-25T23:28:50","slug":"sistema-completo-de-bascula-de-callejon-con-sw-600","status":"publish","type":"product","link":"https:\/\/basculasint.com\/en\/producto\/sistema-completo-de-bascula-de-callejon-con-sw-600\/","title":{"rendered":"Sistema completo de b\u00e1scula de callej\u00f3n con SW 600"},"content":{"rendered":"","protected":false},"excerpt":{"rendered":"<p><strong><span class=\"goog-text-highlight\">Indicador digital SW 600<\/span><\/strong><\/p>\n<p>SW 600 es un indicador de modelo eficiente para usar con celdas de carga de 7,000 lb o m\u00e1s pesadas.\u00a0\u00daselo para exportar datos de peso, fecha y hora a trav\u00e9s de la serie RS232 a la impresora o programas de software de terceros.<\/p>\n<ul>\n<li>Un conector serie DB9<\/li>\n<li>Dos conexiones de celda de carga<\/li>\n<li>M\u00faltiples formatos de impresi\u00f3n preprogramados<\/li>\n<li>M\u00e9todos de pesaje generales, lentos, r\u00e1pidos y bloqueables<\/li>\n<li>I &#8220;, pantalla retroiluminada de 6 caracteres<\/li>\n<li>Convertidor de corriente CA \/ CC, clips de bater\u00eda de 12V<\/li>\n<li>Incluye 3 opciones de soporte de montaje<\/li>\n<\/ul>\n<p><strong>Haz de pesaje de celda de carga SW 3300<\/strong><\/p>\n<p>Este dise\u00f1o de celda de carga de acero inoxidable ofrece resultados de pesaje \u00fanicos y \u00fatiles: lecturas de peso precisas en superficies irregulares.<\/p>\n<p>El cable electr\u00f3nico est\u00e1 protegido con un protector de cable flexible de acero inoxidable para resistir lesiones causadas por mordeduras de animales o pellizcos accidentales, lo que prolonga la vida \u00fatil del cable.\u00a0Perfecto para productores y clubes 4-H \/ FFA que pueden requerir pesar el ganado en m\u00faltiples ubicaciones.<\/p>\n<ul>\n<li>Cable protegido de acero inoxidable flexible de 15 pies<\/li>\n<li>1650 lb. de capacidad en cada celda de carga (3300 lb. \/ par)<\/li>\n<li>Precisi\u00f3n: \u00b1 1% y \u00b1 1 recuento de pantallas<\/li>\n<\/ul>\n<p><strong>Plataforma de aluminio de 90 &#8220;<\/strong><\/p>\n<p>Esta plataforma de paso de servicio pesado es liviana, pero lo suficientemente duradera como para evitar flexionarse debajo de un animal de 2500 lb.\u00a0Los lados inclinados ofrecen mayor resistencia, al tiempo que reducen el deslizamiento del ganado por los lados.\u00a0La superficie para caminar de la plataforma presenta orificios sobresalientes de 1 \u201dpara permitir que los escombros caigan, mientras que ofrece una superficie antideslizante.\u00a0Los bordes horizontales laterales presentan aluminio laminado, lo que evita lesiones en el tobillo, en caso de que un animal se salga del costado de la plataforma.<\/p>\n<ul>\n<li>Dimensi\u00f3n total: 24 &#8220;x 90&#8221;, ancho de recorrido de 16 &#8220;<\/li>\n<li>Altura de la superficie de la plataforma cuando se combina con celdas de carga SW 3300-24 &#8220;: 4.0&#8221;<\/li>\n<li>Peso: 60 lbs.<\/li>\n<li>Peso cuando se sujeta con celdas de carga SW3300-24 \u201d: 102 lbs.<\/li>\n<li>Las dimensiones cumplen con los requisitos de env\u00edo &#8216;de gran tama\u00f1o&#8217;<\/li>\n<\/ul>\n","protected":false},"featured_media":8566,"template":"","meta":[],"class_list":["post-5741","product","type-product","status-publish","has-post-thumbnail","hentry","product_cat-agropecuario","product_cat-paquetes"],"_links":{"self":[{"href":"https:\/\/basculasint.com\/en\/wp-json\/wp\/v2\/product\/5741\/"}],"collection":[{"href":"https:\/\/basculasint.com\/en\/wp-json\/wp\/v2\/product\/"}],"about":[{"href":"https:\/\/basculasint.com\/en\/wp-json\/wp\/v2\/types\/product\/"}],"wp:featuredmedia":[{"embeddable":true,"href":"https:\/\/basculasint.com\/en\/wp-json\/wp\/v2\/media\/8566\/"}],"wp:attachment":[{"href":"https:\/\/basculasint.com\/en\/wp-json\/wp\/v2\/media\/?parent=5741"}],"curies":[{"name":"wp","href":"https:\/\/api.w.org\/{rel}","templated":true}]}}