{"id":70,"date":"2013-06-07T11:25:01","date_gmt":"2013-06-07T17:25:01","guid":{"rendered":"http:\/\/demo2.woothemes.com\/woocommerce\/?post_type=product&#038;p=70"},"modified":"2021-05-10T19:06:42","modified_gmt":"2021-05-10T19:06:42","slug":"tp-balanza-de-presicion","status":"publish","type":"product","link":"https:\/\/basculasint.com\/en\/producto\/tp-balanza-de-presicion\/","title":{"rendered":"TP Balanza de presici\u00f3n"},"content":{"rendered":"","protected":false},"excerpt":{"rendered":"<ul class=\"pagetext\">\n<li>El dise\u00f1o sencillo de balanza TP, prove\u00e9 una experiencia de uso sencilla y libre de esfuerzo para el usuario. Equipado con un sensor de tipo diapas\u00f3n mono metal, permite que esta balanza tenga un tiempo de respuesta muy r\u00e1pida y una estabilidad excepcional en cualquier ambiente.<\/li>\n<li>Calibraci\u00f3n externa, display de LCD de 16.5 mm de altura retro iluminado, modos de peso, unidad, conteo y porcentaje, Puerto serial RS 232 bidireccional, carcasa de pl\u00e1stico con plataforma en acero inoxidable.<\/li>\n<li>Opcionalmente puede pedirse con bater\u00edas recargables.<\/li>\n<li><a href=\"http:\/\/www.ricelake.com\/products\/balances\/precision-toploader\/tp-series-rice-lake-weighing-systems\" target=\"_blank\" rel=\"noopener\">Documentaci\u00f3n<\/a><\/li>\n<\/ul>\n","protected":false},"featured_media":8226,"template":"","meta":[],"class_list":["post-70","product","type-product","status-publish","has-post-thumbnail","hentry","product_cat-balanza","product_cat-mesa","product_cat-presion"],"_links":{"self":[{"href":"https:\/\/basculasint.com\/en\/wp-json\/wp\/v2\/product\/70\/"}],"collection":[{"href":"https:\/\/basculasint.com\/en\/wp-json\/wp\/v2\/product\/"}],"about":[{"href":"https:\/\/basculasint.com\/en\/wp-json\/wp\/v2\/types\/product\/"}],"wp:featuredmedia":[{"embeddable":true,"href":"https:\/\/basculasint.com\/en\/wp-json\/wp\/v2\/media\/8226\/"}],"wp:attachment":[{"href":"https:\/\/basculasint.com\/en\/wp-json\/wp\/v2\/media\/?parent=70"}],"curies":[{"name":"wp","href":"https:\/\/api.w.org\/{rel}","templated":true}]}}