{"id":76,"date":"2013-06-07T11:28:45","date_gmt":"2013-06-07T17:28:45","guid":{"rendered":"http:\/\/demo2.woothemes.com\/woocommerce\/?post_type=product&#038;p=76"},"modified":"2021-06-14T19:03:41","modified_gmt":"2021-06-14T19:03:41","slug":"rough-deck-ss-plataforma-de-piso-en-acero-inoxidable","status":"publish","type":"product","link":"https:\/\/basculasint.com\/en\/producto\/rough-deck-ss-plataforma-de-piso-en-acero-inoxidable\/","title":{"rendered":"Rough Deck SS, Plataforma de piso en acero inoxidable"},"content":{"rendered":"","protected":false},"excerpt":{"rendered":"<p>Dise\u00f1o industrial para ambientes rudos. Estructura con marco r\u00edgido de canales de acero inoxidable 304. Cuatro celdas de carga tipo sheer beam en acero inoxidable con certificaci\u00f3n NTEP. Superficie antiderrapante en la placa superior. Caja suma en acero inoxidable y modelo TuffSeal JB4SS. Cable de 20 pies para ambientes hostiles modelo Survivor.<\/p>\n<div><a href=\"http:\/\/www.ricelake.com\/products\/floor-scales\/general-purpose\/roughdeck-ss-stainless-steel-low-profile\" target=\"_blank\" rel=\"noopener\">Documentaci\u00f3n<\/a><\/div>\n","protected":false},"featured_media":8391,"template":"","meta":[],"class_list":["post-76","product","type-product","status-publish","has-post-thumbnail","hentry","product_cat-piso","product_cat-plataforma"],"_links":{"self":[{"href":"https:\/\/basculasint.com\/en\/wp-json\/wp\/v2\/product\/76\/"}],"collection":[{"href":"https:\/\/basculasint.com\/en\/wp-json\/wp\/v2\/product\/"}],"about":[{"href":"https:\/\/basculasint.com\/en\/wp-json\/wp\/v2\/types\/product\/"}],"wp:featuredmedia":[{"embeddable":true,"href":"https:\/\/basculasint.com\/en\/wp-json\/wp\/v2\/media\/8391\/"}],"wp:attachment":[{"href":"https:\/\/basculasint.com\/en\/wp-json\/wp\/v2\/media\/?parent=76"}],"curies":[{"name":"wp","href":"https:\/\/api.w.org\/{rel}","templated":true}]}}