{"id":83,"date":"2013-06-07T11:33:05","date_gmt":"2013-06-07T17:33:05","guid":{"rendered":"http:\/\/demo2.woothemes.com\/woocommerce\/?post_type=product&#038;p=83"},"modified":"2021-06-14T19:05:33","modified_gmt":"2021-06-14T19:05:33","slug":"os-bascula-colgante-digital","status":"publish","type":"product","link":"https:\/\/basculasint.com\/en\/producto\/os-bascula-colgante-digital\/","title":{"rendered":"OS B\u00e1scula colgante digital"},"content":{"rendered":"","protected":false},"excerpt":{"rendered":"<ul>\n<li>Funci\u00f3n de home, unidades de pesaje en kilos, libras, libras yo no onzas, sistema ajustable de auto apagado, dise\u00f1o ergon\u00f3mico para facilidad de uso y poderlo sostener en tu mano, utiliza dos bater\u00edas AA, y cuenta con estuche para transporte y ganchos superior e inferior.<\/li>\n<li><a href=\"http:\/\/www.ricelake.com\/products\/hanging-scales\/rice-lake-os-10-os-25-os-45-suspended-scale\" target=\"_blank\" rel=\"noopener\">Documentaci\u00f3n\u00a0<\/a><\/li>\n<\/ul>\n","protected":false},"featured_media":8264,"template":"","meta":[],"class_list":["post-83","product","type-product","status-publish","has-post-thumbnail","hentry","product_cat-bascula1","product_cat-colgante"],"_links":{"self":[{"href":"https:\/\/basculasint.com\/en\/wp-json\/wp\/v2\/product\/83\/"}],"collection":[{"href":"https:\/\/basculasint.com\/en\/wp-json\/wp\/v2\/product\/"}],"about":[{"href":"https:\/\/basculasint.com\/en\/wp-json\/wp\/v2\/types\/product\/"}],"wp:featuredmedia":[{"embeddable":true,"href":"https:\/\/basculasint.com\/en\/wp-json\/wp\/v2\/media\/8264\/"}],"wp:attachment":[{"href":"https:\/\/basculasint.com\/en\/wp-json\/wp\/v2\/media\/?parent=83"}],"curies":[{"name":"wp","href":"https:\/\/api.w.org\/{rel}","templated":true}]}}