{"id":8583,"date":"2021-08-25T23:53:14","date_gmt":"2021-08-25T23:53:14","guid":{"rendered":"http:\/\/basculasint.com\/?post_type=product&#038;p=8583"},"modified":"2021-08-25T23:53:14","modified_gmt":"2021-08-25T23:53:14","slug":"xr-display-remoto-weigh-tronix","status":"publish","type":"product","link":"https:\/\/basculasint.com\/en\/producto\/xr-display-remoto-weigh-tronix\/","title":{"rendered":"XR Display remoto Weigh Tronix"},"content":{"rendered":"","protected":false},"excerpt":{"rendered":"<p>Este display remoto permite la visualizaci\u00f3n de datos de manera clara confortable y a distancias considerables dando en interiores como exteriores. La serie XR ofrece una selecci\u00f3n de cuatro diferentes tama\u00f1os de displays num\u00e9ricos desde dos pulgadas, 4.5 pulgadas Y dos m\u00e1s en 6.5 pulgadas uno solo num\u00e9rico y el segundo alfanum\u00e9rico en la versi\u00f3n alfa num\u00e9rica puede tener d\u00edgitos de 3.5 pulgadas o cuatro pulgadas. Opcionalmente puede incluir un sem\u00e1foro con luces de color rojo y verde.<\/p>\n<p><a href=\"http:\/\/www.averyweigh-tronix.com\/products\/accessories\/XR\/\" target=\"_blank\" rel=\"noopener\">Documentaci\u00f3n<\/a><\/p>\n","protected":false},"featured_media":8584,"template":"","meta":[],"class_list":["post-8583","product","type-product","status-publish","has-post-thumbnail","hentry","product_cat-display-remoto"],"_links":{"self":[{"href":"https:\/\/basculasint.com\/en\/wp-json\/wp\/v2\/product\/8583\/"}],"collection":[{"href":"https:\/\/basculasint.com\/en\/wp-json\/wp\/v2\/product\/"}],"about":[{"href":"https:\/\/basculasint.com\/en\/wp-json\/wp\/v2\/types\/product\/"}],"wp:featuredmedia":[{"embeddable":true,"href":"https:\/\/basculasint.com\/en\/wp-json\/wp\/v2\/media\/8584\/"}],"wp:attachment":[{"href":"https:\/\/basculasint.com\/en\/wp-json\/wp\/v2\/media\/?parent=8583"}],"curies":[{"name":"wp","href":"https:\/\/api.w.org\/{rel}","templated":true}]}}