{"id":8626,"date":"2021-08-26T17:53:58","date_gmt":"2021-08-26T17:53:58","guid":{"rendered":"http:\/\/basculasint.com\/?post_type=product&#038;p=8626"},"modified":"2021-08-26T17:56:22","modified_gmt":"2021-08-26T17:56:22","slug":"rough-deck-hp-plataforma-de-piso-rice-lake-weighing-systems","status":"publish","type":"product","link":"https:\/\/basculasint.com\/en\/producto\/rough-deck-hp-plataforma-de-piso-rice-lake-weighing-systems\/","title":{"rendered":"Rough Deck HP, Plataforma de piso, Rice Lake weighing systems:"},"content":{"rendered":"","protected":false},"excerpt":{"rendered":"<p>Dise\u00f1o industrial para ambientes rudos. Estructura con marco r\u00edgido de canales de acero. Cuatro celdas de carga tipo sheer beam en acero al carb\u00f3n con certificaci\u00f3n NTEP. Superficie antiderrapante en la placa superior. Caja suma en acero inoxidable y modelo TuffSeal JB4SS. Cable de 20 pies para ambientes hostiles modelo Survivor.<\/p>\n<div><a href=\"http:\/\/www.ricelake.com\/products\/floor-scales\/general-purpose\/roughdeck-hp\" target=\"_blank\" rel=\"noopener\">Documentaci\u00f3n<\/a><\/div>\n","protected":false},"featured_media":8629,"template":"","meta":[],"class_list":["post-8626","product","type-product","status-publish","has-post-thumbnail","hentry","product_cat-piso","product_cat-plataforma"],"_links":{"self":[{"href":"https:\/\/basculasint.com\/en\/wp-json\/wp\/v2\/product\/8626\/"}],"collection":[{"href":"https:\/\/basculasint.com\/en\/wp-json\/wp\/v2\/product\/"}],"about":[{"href":"https:\/\/basculasint.com\/en\/wp-json\/wp\/v2\/types\/product\/"}],"wp:featuredmedia":[{"embeddable":true,"href":"https:\/\/basculasint.com\/en\/wp-json\/wp\/v2\/media\/8629\/"}],"wp:attachment":[{"href":"https:\/\/basculasint.com\/en\/wp-json\/wp\/v2\/media\/?parent=8626"}],"curies":[{"name":"wp","href":"https:\/\/api.w.org\/{rel}","templated":true}]}}