{"id":8674,"date":"2022-03-07T23:46:42","date_gmt":"2022-03-07T23:46:42","guid":{"rendered":"https:\/\/basculasint.com\/?post_type=product&#038;p=8674"},"modified":"2022-03-07T23:48:27","modified_gmt":"2022-03-07T23:48:27","slug":"bascula-electronica-colgante-50-kg-rhino","status":"publish","type":"product","link":"https:\/\/basculasint.com\/en\/producto\/bascula-electronica-colgante-50-kg-rhino\/","title":{"rendered":"B\u00e1scula Electr\u00f3nica Colgante 50 Kg, Rhino"},"content":{"rendered":"","protected":false},"excerpt":{"rendered":"<p><strong>Marca: Rhino\u00a0 \u00a0 \u00a0<\/strong><\/p>\n<p><strong>Modelo:\u00a0BAMA-50<\/strong><\/p>\n<p><strong>Capacidad:\u00a050 kg<\/strong><\/p>\n<p><strong>Precisi\u00f3n:\u00a050 g<\/strong><\/p>\n<p>1 bater\u00eda de litio CR2032<\/p>\n<p>Apagado autom\u00e1tico<\/p>\n<p>&nbsp;<\/p>\n<p><strong>B\u00e1scula para maletas, dise\u00f1o compacto con sistema de sujeci\u00f3n de correa con 50 kilos de capacidad.<\/strong><\/p>\n<ul>\n<li>Dise\u00f1o compacto y ligero<\/li>\n<li>Tono de notificaci\u00f3n de pesaje<\/li>\n<li>Pesa en: kilogramos y libras<\/li>\n<\/ul>\n","protected":false},"featured_media":8677,"template":"","meta":[],"class_list":["post-8674","product","type-product","status-publish","has-post-thumbnail","hentry","product_cat-bascula1","product_cat-colgante"],"_links":{"self":[{"href":"https:\/\/basculasint.com\/en\/wp-json\/wp\/v2\/product\/8674\/"}],"collection":[{"href":"https:\/\/basculasint.com\/en\/wp-json\/wp\/v2\/product\/"}],"about":[{"href":"https:\/\/basculasint.com\/en\/wp-json\/wp\/v2\/types\/product\/"}],"wp:featuredmedia":[{"embeddable":true,"href":"https:\/\/basculasint.com\/en\/wp-json\/wp\/v2\/media\/8677\/"}],"wp:attachment":[{"href":"https:\/\/basculasint.com\/en\/wp-json\/wp\/v2\/media\/?parent=8674"}],"curies":[{"name":"wp","href":"https:\/\/api.w.org\/{rel}","templated":true}]}}