{"id":8680,"date":"2022-03-08T00:41:42","date_gmt":"2022-03-08T00:41:42","guid":{"rendered":"https:\/\/basculasint.com\/?post_type=product&#038;p=8680"},"modified":"2022-03-08T00:43:15","modified_gmt":"2022-03-08T00:43:15","slug":"bascula-electronica-colgante-multifunciones-30-kg-rhino","status":"publish","type":"product","link":"https:\/\/basculasint.com\/en\/producto\/bascula-electronica-colgante-multifunciones-30-kg-rhino\/","title":{"rendered":"B\u00e1scula Electr\u00f3nica Colgante Multifunciones 30 kg, Rhino"},"content":{"rendered":"","protected":false},"excerpt":{"rendered":"<ul>\n<li>Marca: Rhino<\/li>\n<li>Modelo: BACMU-30<\/li>\n<li>Capacidad: 30 kg<\/li>\n<li>Precisi\u00f3n: 5 g<\/li>\n<li>Pantallas de peso, precio e importe<\/li>\n<li>Pantallas para usuario y cliente<\/li>\n<li>Bater\u00eda recargable de 200 horas<\/li>\n<\/ul>\n<h3>Descripci\u00f3n<\/h3>\n<ul>\n<li>B\u00e1scula Colgante Multifunciones con capacidad de 30 kg, es ideal para pescader\u00edas, verduler\u00edas y recauder\u00edas<\/li>\n<li>Cuchar\u00f3n de acero inoxidable de 30 cm de di\u00e1metro y 6 cm de altura<\/li>\n<li>Pesa en: kilogramos y libras<\/li>\n<li>Pantallas con mayor rango de visibilidad<\/li>\n<\/ul>\n","protected":false},"featured_media":8681,"template":"","meta":[],"class_list":["post-8680","product","type-product","status-publish","has-post-thumbnail","hentry","product_cat-bascula1","product_cat-colgante"],"_links":{"self":[{"href":"https:\/\/basculasint.com\/en\/wp-json\/wp\/v2\/product\/8680\/"}],"collection":[{"href":"https:\/\/basculasint.com\/en\/wp-json\/wp\/v2\/product\/"}],"about":[{"href":"https:\/\/basculasint.com\/en\/wp-json\/wp\/v2\/types\/product\/"}],"wp:featuredmedia":[{"embeddable":true,"href":"https:\/\/basculasint.com\/en\/wp-json\/wp\/v2\/media\/8681\/"}],"wp:attachment":[{"href":"https:\/\/basculasint.com\/en\/wp-json\/wp\/v2\/media\/?parent=8680"}],"curies":[{"name":"wp","href":"https:\/\/api.w.org\/{rel}","templated":true}]}}