{"id":8755,"date":"2024-05-08T23:34:34","date_gmt":"2024-05-08T23:34:34","guid":{"rendered":"https:\/\/basculasint.com\/?post_type=product&#038;p=8755"},"modified":"2024-05-08T23:46:39","modified_gmt":"2024-05-08T23:46:39","slug":"basculas-contadoras-serie-gc","status":"publish","type":"product","link":"https:\/\/basculasint.com\/en\/producto\/basculas-contadoras-serie-gc\/","title":{"rendered":"B\u00e1sculas contadoras serie GC"},"content":{"rendered":"","protected":false},"excerpt":{"rendered":"<ul>\n<li>Resoluci\u00f3n interna: hasta 1\/1.000.000<\/li>\n<li>Memoria interna para hasta 1000 art\u00edculos.<\/li>\n<li>Ampliaci\u00f3n de capacidad de memoria mediante tarjeta MicroSD<\/li>\n<li>Gran pantalla\/teclado LCD desmontable de 3 ventanas<\/li>\n<\/ul>\n<p>Cuente eficientemente con una memoria de 1000 elementos y el software WinCT-Count incluido. Con el dise\u00f1o de menor consumo de energ\u00eda, puede ejecutar el GC con un USB, un adaptador de CA o con una bater\u00eda para aplicaciones port\u00e1tiles. Con\u00e9ctese f\u00e1cilmente a una balanza A&amp;D para piezas de menor peso o con\u00e9ctese a una base industrial para piezas m\u00e1s grandes.<\/p>\n<p><strong>Series<\/strong><\/p>\n<ul>\n<li style=\"list-style-type: none;\">\n<ul>\n<li>B\u00e1scula de conteo GC GC-3K<\/li>\n<li>B\u00e1scula de conteo GC GC-6K<\/li>\n<li>B\u00e1scula de conteo GC GC-15K<\/li>\n<li>B\u00e1scula de conteo GC GC-30K<\/li>\n<\/ul>\n<\/li>\n<\/ul>\n","protected":false},"featured_media":8756,"template":"","meta":[],"class_list":["post-8755","product","type-product","status-publish","has-post-thumbnail","hentry","product_cat-bascula1","product_cat-contadora"],"_links":{"self":[{"href":"https:\/\/basculasint.com\/en\/wp-json\/wp\/v2\/product\/8755\/"}],"collection":[{"href":"https:\/\/basculasint.com\/en\/wp-json\/wp\/v2\/product\/"}],"about":[{"href":"https:\/\/basculasint.com\/en\/wp-json\/wp\/v2\/types\/product\/"}],"wp:featuredmedia":[{"embeddable":true,"href":"https:\/\/basculasint.com\/en\/wp-json\/wp\/v2\/media\/8756\/"}],"wp:attachment":[{"href":"https:\/\/basculasint.com\/en\/wp-json\/wp\/v2\/media\/?parent=8755"}],"curies":[{"name":"wp","href":"https:\/\/api.w.org\/{rel}","templated":true}]}}