{"id":99,"date":"2013-06-07T11:38:12","date_gmt":"2013-06-07T17:38:12","guid":{"rendered":"http:\/\/demo2.woothemes.com\/woocommerce\/?post_type=product&#038;p=99"},"modified":"2021-06-14T18:59:41","modified_gmt":"2021-06-14T18:59:41","slug":"920i-indicador-de-peso-programable","status":"publish","type":"product","link":"https:\/\/basculasint.com\/en\/producto\/920i-indicador-de-peso-programable\/","title":{"rendered":"920i  Indicador de peso programable"},"content":{"rendered":"","protected":false},"excerpt":{"rendered":"<ul>\n<li>Display LCD gr\u00e1fico grande de 4.6 pulgadas de ancho por 3.4 pulgadas de alto, 320 x 240 pixel.<\/li>\n<li>Indicador multi-b\u00e1scula, hasta 32 b\u00e1sculas o 16 celdas de 350 ohm por tarjeta an\u00e1loga digital.<\/li>\n<li>Cinco teclas multifuncionales hasta 14 opciones programables por el usuario.<\/li>\n<li>Calibraci\u00f3n por masa patr\u00f3n de referencia o por mili voltaje, cinco puntos de linearizaci\u00f3n y compensaci\u00f3n geogr\u00e1fica.<\/li>\n<li>Carcaza en acero inoxidable IP66, 100 puntos de corte, y hasta 30 diferentes tipos de puntos de corte configurables.<\/li>\n<li>Memoria para 1000 ID de pesaje de camiones de entrada y salida.<\/li>\n<li>Cuatro puertos de comunicaci\u00f3n.<\/li>\n<\/ul>\n<div><a href=\"http:\/\/www.ricelake.com\/products\/indicators-controllers\/rice-lake\/920i-programmable-hmi-indicator-controller\" target=\"_blank\" rel=\"noopener\">Documentaci\u00f3n<\/a><\/div>\n","protected":false},"featured_media":8388,"template":"","meta":[],"class_list":["post-99","product","type-product","status-publish","has-post-thumbnail","hentry","product_cat-indicadores","product_cat-programable"],"_links":{"self":[{"href":"https:\/\/basculasint.com\/en\/wp-json\/wp\/v2\/product\/99\/"}],"collection":[{"href":"https:\/\/basculasint.com\/en\/wp-json\/wp\/v2\/product\/"}],"about":[{"href":"https:\/\/basculasint.com\/en\/wp-json\/wp\/v2\/types\/product\/"}],"wp:featuredmedia":[{"embeddable":true,"href":"https:\/\/basculasint.com\/en\/wp-json\/wp\/v2\/media\/8388\/"}],"wp:attachment":[{"href":"https:\/\/basculasint.com\/en\/wp-json\/wp\/v2\/media\/?parent=99"}],"curies":[{"name":"wp","href":"https:\/\/api.w.org\/{rel}","templated":true}]}}